{"id":1764,"date":"2023-11-25T22:04:06","date_gmt":"2023-11-25T21:04:06","guid":{"rendered":"http:\/\/petite-boutique-curiosit\u00e9s.fr\/?page_id=1764"},"modified":"2023-11-25T22:04:56","modified_gmt":"2023-11-25T21:04:56","slug":"ils-ne-manquent-pas-dair","status":"publish","type":"page","link":"https:\/\/petite-boutique-curiosit\u00e9s.fr\/index.php\/ils-ne-manquent-pas-dair\/","title":{"rendered":"Ils ne manquent pas d&rsquo;air !"},"content":{"rendered":"<p>Voici une s\u00e9rie de sp\u00e9cimens aquatiques en bois et chambre \u00e0 air pour donner \u00e0 votre int\u00e9rieur un petit air de cabinet de curiosit\u00e9s.<\/p>\n<p>Baleines, cachalots, crevettes, crabes, seiches, calamars&#8230;<\/p>\n<p>De la p\u00eache durable et ultra locale car le r\u00e9parateur de pneu est \u00e0 500 m\u00e8tres de l&rsquo;atelier !!!<\/p>\n<div id='gallery-1' class='gallery galleryid-1764 gallery-columns-2 gallery-size-medium'><figure class='gallery-item'>\n\t\t\t<div class='gallery-icon landscape'>\n\t\t\t\t<a href='https:\/\/petite-boutique-curiosit\u00e9s.fr\/index.php\/manque_pas_d_air_img_0135\/'><img loading=\"lazy\" decoding=\"async\" width=\"300\" height=\"225\" src=\"https:\/\/petite-boutique-curiosit\u00e9s.fr\/wp-content\/uploads\/2023\/11\/Manque_pas_d_air_IMG_0135-300x225.jpg\" class=\"attachment-medium size-medium\" alt=\"\" srcset=\"https:\/\/petite-boutique-curiosit\u00e9s.fr\/wp-content\/uploads\/2023\/11\/Manque_pas_d_air_IMG_0135-300x225.jpg 300w, https:\/\/petite-boutique-curiosit\u00e9s.fr\/wp-content\/uploads\/2023\/11\/Manque_pas_d_air_IMG_0135-1024x768.jpg 1024w, https:\/\/petite-boutique-curiosit\u00e9s.fr\/wp-content\/uploads\/2023\/11\/Manque_pas_d_air_IMG_0135-768x576.jpg 768w, https:\/\/petite-boutique-curiosit\u00e9s.fr\/wp-content\/uploads\/2023\/11\/Manque_pas_d_air_IMG_0135-1536x1152.jpg 1536w, https:\/\/petite-boutique-curiosit\u00e9s.fr\/wp-content\/uploads\/2023\/11\/Manque_pas_d_air_IMG_0135-2048x1536.jpg 2048w\" sizes=\"auto, (max-width: 300px) 100vw, 300px\" \/><\/a>\n\t\t\t<\/div><\/figure><figure class='gallery-item'>\n\t\t\t<div class='gallery-icon landscape'>\n\t\t\t\t<a href='https:\/\/petite-boutique-curiosit\u00e9s.fr\/index.php\/manque_pas_d_air_img_0138\/'><img loading=\"lazy\" decoding=\"async\" width=\"300\" height=\"225\" src=\"https:\/\/petite-boutique-curiosit\u00e9s.fr\/wp-content\/uploads\/2023\/11\/Manque_pas_d_air_IMG_0138-300x225.jpg\" class=\"attachment-medium size-medium\" alt=\"\" srcset=\"https:\/\/petite-boutique-curiosit\u00e9s.fr\/wp-content\/uploads\/2023\/11\/Manque_pas_d_air_IMG_0138-300x225.jpg 300w, https:\/\/petite-boutique-curiosit\u00e9s.fr\/wp-content\/uploads\/2023\/11\/Manque_pas_d_air_IMG_0138-1024x768.jpg 1024w, https:\/\/petite-boutique-curiosit\u00e9s.fr\/wp-content\/uploads\/2023\/11\/Manque_pas_d_air_IMG_0138-768x576.jpg 768w, https:\/\/petite-boutique-curiosit\u00e9s.fr\/wp-content\/uploads\/2023\/11\/Manque_pas_d_air_IMG_0138-1536x1152.jpg 1536w, https:\/\/petite-boutique-curiosit\u00e9s.fr\/wp-content\/uploads\/2023\/11\/Manque_pas_d_air_IMG_0138-2048x1536.jpg 2048w\" sizes=\"auto, (max-width: 300px) 100vw, 300px\" \/><\/a>\n\t\t\t<\/div><\/figure><figure class='gallery-item'>\n\t\t\t<div class='gallery-icon landscape'>\n\t\t\t\t<a href='https:\/\/petite-boutique-curiosit\u00e9s.fr\/index.php\/manque_pas_d_air_img_0148\/'><img loading=\"lazy\" decoding=\"async\" width=\"300\" height=\"225\" src=\"https:\/\/petite-boutique-curiosit\u00e9s.fr\/wp-content\/uploads\/2023\/11\/Manque_pas_d_air_IMG_0148-300x225.jpg\" class=\"attachment-medium size-medium\" alt=\"\" srcset=\"https:\/\/petite-boutique-curiosit\u00e9s.fr\/wp-content\/uploads\/2023\/11\/Manque_pas_d_air_IMG_0148-300x225.jpg 300w, https:\/\/petite-boutique-curiosit\u00e9s.fr\/wp-content\/uploads\/2023\/11\/Manque_pas_d_air_IMG_0148-1024x768.jpg 1024w, https:\/\/petite-boutique-curiosit\u00e9s.fr\/wp-content\/uploads\/2023\/11\/Manque_pas_d_air_IMG_0148-768x576.jpg 768w, https:\/\/petite-boutique-curiosit\u00e9s.fr\/wp-content\/uploads\/2023\/11\/Manque_pas_d_air_IMG_0148-1536x1152.jpg 1536w, https:\/\/petite-boutique-curiosit\u00e9s.fr\/wp-content\/uploads\/2023\/11\/Manque_pas_d_air_IMG_0148-2048x1536.jpg 2048w\" sizes=\"auto, (max-width: 300px) 100vw, 300px\" \/><\/a>\n\t\t\t<\/div><\/figure><figure class='gallery-item'>\n\t\t\t<div class='gallery-icon landscape'>\n\t\t\t\t<a href='https:\/\/petite-boutique-curiosit\u00e9s.fr\/index.php\/manque_pas_d_air_img_0139\/'><img loading=\"lazy\" decoding=\"async\" width=\"300\" height=\"225\" src=\"https:\/\/petite-boutique-curiosit\u00e9s.fr\/wp-content\/uploads\/2023\/11\/Manque_pas_d_air_IMG_0139-300x225.jpg\" class=\"attachment-medium size-medium\" alt=\"\" srcset=\"https:\/\/petite-boutique-curiosit\u00e9s.fr\/wp-content\/uploads\/2023\/11\/Manque_pas_d_air_IMG_0139-300x225.jpg 300w, https:\/\/petite-boutique-curiosit\u00e9s.fr\/wp-content\/uploads\/2023\/11\/Manque_pas_d_air_IMG_0139-1024x768.jpg 1024w, https:\/\/petite-boutique-curiosit\u00e9s.fr\/wp-content\/uploads\/2023\/11\/Manque_pas_d_air_IMG_0139-768x576.jpg 768w, https:\/\/petite-boutique-curiosit\u00e9s.fr\/wp-content\/uploads\/2023\/11\/Manque_pas_d_air_IMG_0139-1536x1152.jpg 1536w, https:\/\/petite-boutique-curiosit\u00e9s.fr\/wp-content\/uploads\/2023\/11\/Manque_pas_d_air_IMG_0139-2048x1536.jpg 2048w\" sizes=\"auto, (max-width: 300px) 100vw, 300px\" \/><\/a>\n\t\t\t<\/div><\/figure>\n\t\t<\/div>\n\n<div id='gallery-2' class='gallery galleryid-1764 gallery-columns-4 gallery-size-medium'><figure class='gallery-item'>\n\t\t\t<div class='gallery-icon portrait'>\n\t\t\t\t<a href='https:\/\/petite-boutique-curiosit\u00e9s.fr\/index.php\/manque_pas_d_air_1\/'><img loading=\"lazy\" decoding=\"async\" width=\"225\" height=\"300\" src=\"https:\/\/petite-boutique-curiosit\u00e9s.fr\/wp-content\/uploads\/2023\/11\/Manque_pas_d_air_1-225x300.jpg\" class=\"attachment-medium size-medium\" alt=\"\" srcset=\"https:\/\/petite-boutique-curiosit\u00e9s.fr\/wp-content\/uploads\/2023\/11\/Manque_pas_d_air_1-225x300.jpg 225w, https:\/\/petite-boutique-curiosit\u00e9s.fr\/wp-content\/uploads\/2023\/11\/Manque_pas_d_air_1-768x1024.jpg 768w, https:\/\/petite-boutique-curiosit\u00e9s.fr\/wp-content\/uploads\/2023\/11\/Manque_pas_d_air_1-1152x1536.jpg 1152w, https:\/\/petite-boutique-curiosit\u00e9s.fr\/wp-content\/uploads\/2023\/11\/Manque_pas_d_air_1-1536x2048.jpg 1536w, https:\/\/petite-boutique-curiosit\u00e9s.fr\/wp-content\/uploads\/2023\/11\/Manque_pas_d_air_1-scaled.jpg 1920w\" sizes=\"auto, (max-width: 225px) 100vw, 225px\" \/><\/a>\n\t\t\t<\/div><\/figure><figure class='gallery-item'>\n\t\t\t<div class='gallery-icon portrait'>\n\t\t\t\t<a href='https:\/\/petite-boutique-curiosit\u00e9s.fr\/index.php\/manque_pas_d_air_2\/'><img loading=\"lazy\" decoding=\"async\" width=\"225\" height=\"300\" src=\"https:\/\/petite-boutique-curiosit\u00e9s.fr\/wp-content\/uploads\/2023\/11\/Manque_pas_d_air_2-225x300.jpg\" class=\"attachment-medium size-medium\" alt=\"\" srcset=\"https:\/\/petite-boutique-curiosit\u00e9s.fr\/wp-content\/uploads\/2023\/11\/Manque_pas_d_air_2-225x300.jpg 225w, https:\/\/petite-boutique-curiosit\u00e9s.fr\/wp-content\/uploads\/2023\/11\/Manque_pas_d_air_2-768x1024.jpg 768w, https:\/\/petite-boutique-curiosit\u00e9s.fr\/wp-content\/uploads\/2023\/11\/Manque_pas_d_air_2-1152x1536.jpg 1152w, https:\/\/petite-boutique-curiosit\u00e9s.fr\/wp-content\/uploads\/2023\/11\/Manque_pas_d_air_2-1536x2048.jpg 1536w, https:\/\/petite-boutique-curiosit\u00e9s.fr\/wp-content\/uploads\/2023\/11\/Manque_pas_d_air_2-scaled.jpg 1920w\" sizes=\"auto, (max-width: 225px) 100vw, 225px\" \/><\/a>\n\t\t\t<\/div><\/figure><figure class='gallery-item'>\n\t\t\t<div class='gallery-icon portrait'>\n\t\t\t\t<a href='https:\/\/petite-boutique-curiosit\u00e9s.fr\/index.php\/manque_pas_d_air_img_0134\/'><img loading=\"lazy\" decoding=\"async\" width=\"225\" height=\"300\" src=\"https:\/\/petite-boutique-curiosit\u00e9s.fr\/wp-content\/uploads\/2023\/11\/Manque_pas_d_air_IMG_0134-225x300.jpg\" class=\"attachment-medium size-medium\" alt=\"\" srcset=\"https:\/\/petite-boutique-curiosit\u00e9s.fr\/wp-content\/uploads\/2023\/11\/Manque_pas_d_air_IMG_0134-225x300.jpg 225w, https:\/\/petite-boutique-curiosit\u00e9s.fr\/wp-content\/uploads\/2023\/11\/Manque_pas_d_air_IMG_0134-768x1024.jpg 768w, https:\/\/petite-boutique-curiosit\u00e9s.fr\/wp-content\/uploads\/2023\/11\/Manque_pas_d_air_IMG_0134-1152x1536.jpg 1152w, https:\/\/petite-boutique-curiosit\u00e9s.fr\/wp-content\/uploads\/2023\/11\/Manque_pas_d_air_IMG_0134-1536x2048.jpg 1536w, https:\/\/petite-boutique-curiosit\u00e9s.fr\/wp-content\/uploads\/2023\/11\/Manque_pas_d_air_IMG_0134-scaled.jpg 1920w\" sizes=\"auto, (max-width: 225px) 100vw, 225px\" \/><\/a>\n\t\t\t<\/div><\/figure><figure class='gallery-item'>\n\t\t\t<div class='gallery-icon portrait'>\n\t\t\t\t<a href='https:\/\/petite-boutique-curiosit\u00e9s.fr\/index.php\/manque_pas_d_air_img_0133\/'><img loading=\"lazy\" decoding=\"async\" width=\"225\" height=\"300\" src=\"https:\/\/petite-boutique-curiosit\u00e9s.fr\/wp-content\/uploads\/2023\/11\/Manque_pas_d_air_IMG_0133-225x300.jpg\" class=\"attachment-medium size-medium\" alt=\"\" srcset=\"https:\/\/petite-boutique-curiosit\u00e9s.fr\/wp-content\/uploads\/2023\/11\/Manque_pas_d_air_IMG_0133-225x300.jpg 225w, https:\/\/petite-boutique-curiosit\u00e9s.fr\/wp-content\/uploads\/2023\/11\/Manque_pas_d_air_IMG_0133-768x1024.jpg 768w, https:\/\/petite-boutique-curiosit\u00e9s.fr\/wp-content\/uploads\/2023\/11\/Manque_pas_d_air_IMG_0133-1152x1536.jpg 1152w, https:\/\/petite-boutique-curiosit\u00e9s.fr\/wp-content\/uploads\/2023\/11\/Manque_pas_d_air_IMG_0133-1536x2048.jpg 1536w, https:\/\/petite-boutique-curiosit\u00e9s.fr\/wp-content\/uploads\/2023\/11\/Manque_pas_d_air_IMG_0133-scaled.jpg 1920w\" sizes=\"auto, (max-width: 225px) 100vw, 225px\" \/><\/a>\n\t\t\t<\/div><\/figure>\n\t\t<\/div>\n\n","protected":false},"excerpt":{"rendered":"<p>Voici une s\u00e9rie de sp\u00e9cimens aquatiques en bois et chambre \u00e0 air pour donner \u00e0 votre int\u00e9rieur un petit air de cabinet de curiosit\u00e9s. Baleines, cachalots, crevettes, crabes, seiches, calamars&#8230; De la p\u00eache durable et ultra locale car le r\u00e9parateur de pneu est \u00e0 500 m\u00e8tres de l&rsquo;atelier !!!<\/p>\n","protected":false},"author":1,"featured_media":0,"parent":0,"menu_order":0,"comment_status":"closed","ping_status":"closed","template":"","meta":{"footnotes":""},"class_list":["post-1764","page","type-page","status-publish","hentry"],"_links":{"self":[{"href":"https:\/\/petite-boutique-curiosit\u00e9s.fr\/index.php\/wp-json\/wp\/v2\/pages\/1764","targetHints":{"allow":["GET"]}}],"collection":[{"href":"https:\/\/petite-boutique-curiosit\u00e9s.fr\/index.php\/wp-json\/wp\/v2\/pages"}],"about":[{"href":"https:\/\/petite-boutique-curiosit\u00e9s.fr\/index.php\/wp-json\/wp\/v2\/types\/page"}],"author":[{"embeddable":true,"href":"https:\/\/petite-boutique-curiosit\u00e9s.fr\/index.php\/wp-json\/wp\/v2\/users\/1"}],"replies":[{"embeddable":true,"href":"https:\/\/petite-boutique-curiosit\u00e9s.fr\/index.php\/wp-json\/wp\/v2\/comments?post=1764"}],"version-history":[{"count":3,"href":"https:\/\/petite-boutique-curiosit\u00e9s.fr\/index.php\/wp-json\/wp\/v2\/pages\/1764\/revisions"}],"predecessor-version":[{"id":1775,"href":"https:\/\/petite-boutique-curiosit\u00e9s.fr\/index.php\/wp-json\/wp\/v2\/pages\/1764\/revisions\/1775"}],"wp:attachment":[{"href":"https:\/\/petite-boutique-curiosit\u00e9s.fr\/index.php\/wp-json\/wp\/v2\/media?parent=1764"}],"curies":[{"name":"wp","href":"https:\/\/api.w.org\/{rel}","templated":true}]}}