{"id":1779,"date":"2023-11-25T22:18:34","date_gmt":"2023-11-25T21:18:34","guid":{"rendered":"http:\/\/petite-boutique-curiosit\u00e9s.fr\/?page_id=1779"},"modified":"2023-11-25T22:19:55","modified_gmt":"2023-11-25T21:19:55","slug":"grenouilles-de-biscuitier","status":"publish","type":"page","link":"https:\/\/petite-boutique-curiosit\u00e9s.fr\/index.php\/grenouilles-de-biscuitier\/","title":{"rendered":"Grenouilles de biscuitier"},"content":{"rendered":"<p>Entendez vous le chant des batraciens ?<\/p>\n<p>Eh bien \u00e7a ne vient pas de ces grenouilles, sages comme des images sur leur feuille de zinc.<\/p>\n<p>Elles peuvent se piquer tout autant dans un pot de fleur d&rsquo;int\u00e9rieur que dans votre jardin&#8230;<\/p>\n<p>Elles sont r\u00e9alis\u00e9es \u00e0 partir de boites \u00e0 biscuits en m\u00e9tal.<\/p>\n<div id='gallery-1' class='gallery galleryid-1779 gallery-columns-2 gallery-size-medium'><figure class='gallery-item'>\n\t\t\t<div class='gallery-icon landscape'>\n\t\t\t\t<a href='https:\/\/petite-boutique-curiosit\u00e9s.fr\/wp-content\/uploads\/2023\/11\/Grenouille_1-scaled.jpg'><img loading=\"lazy\" decoding=\"async\" width=\"300\" height=\"225\" src=\"https:\/\/petite-boutique-curiosit\u00e9s.fr\/wp-content\/uploads\/2023\/11\/Grenouille_1-300x225.jpg\" class=\"attachment-medium size-medium\" alt=\"\" srcset=\"https:\/\/petite-boutique-curiosit\u00e9s.fr\/wp-content\/uploads\/2023\/11\/Grenouille_1-300x225.jpg 300w, https:\/\/petite-boutique-curiosit\u00e9s.fr\/wp-content\/uploads\/2023\/11\/Grenouille_1-1024x768.jpg 1024w, https:\/\/petite-boutique-curiosit\u00e9s.fr\/wp-content\/uploads\/2023\/11\/Grenouille_1-768x576.jpg 768w, https:\/\/petite-boutique-curiosit\u00e9s.fr\/wp-content\/uploads\/2023\/11\/Grenouille_1-1536x1152.jpg 1536w, https:\/\/petite-boutique-curiosit\u00e9s.fr\/wp-content\/uploads\/2023\/11\/Grenouille_1-2048x1536.jpg 2048w\" sizes=\"auto, (max-width: 300px) 100vw, 300px\" \/><\/a>\n\t\t\t<\/div><\/figure><figure class='gallery-item'>\n\t\t\t<div class='gallery-icon landscape'>\n\t\t\t\t<a href='https:\/\/petite-boutique-curiosit\u00e9s.fr\/wp-content\/uploads\/2023\/11\/Grenouille_3-scaled.jpg'><img loading=\"lazy\" decoding=\"async\" width=\"300\" height=\"225\" src=\"https:\/\/petite-boutique-curiosit\u00e9s.fr\/wp-content\/uploads\/2023\/11\/Grenouille_3-300x225.jpg\" class=\"attachment-medium size-medium\" alt=\"\" srcset=\"https:\/\/petite-boutique-curiosit\u00e9s.fr\/wp-content\/uploads\/2023\/11\/Grenouille_3-300x225.jpg 300w, https:\/\/petite-boutique-curiosit\u00e9s.fr\/wp-content\/uploads\/2023\/11\/Grenouille_3-1024x768.jpg 1024w, https:\/\/petite-boutique-curiosit\u00e9s.fr\/wp-content\/uploads\/2023\/11\/Grenouille_3-768x576.jpg 768w, https:\/\/petite-boutique-curiosit\u00e9s.fr\/wp-content\/uploads\/2023\/11\/Grenouille_3-1536x1152.jpg 1536w, https:\/\/petite-boutique-curiosit\u00e9s.fr\/wp-content\/uploads\/2023\/11\/Grenouille_3-2048x1536.jpg 2048w\" sizes=\"auto, (max-width: 300px) 100vw, 300px\" \/><\/a>\n\t\t\t<\/div><\/figure><figure class='gallery-item'>\n\t\t\t<div class='gallery-icon landscape'>\n\t\t\t\t<a href='https:\/\/petite-boutique-curiosit\u00e9s.fr\/wp-content\/uploads\/2023\/11\/Grenouille_7-scaled.jpg'><img loading=\"lazy\" decoding=\"async\" width=\"300\" height=\"225\" src=\"https:\/\/petite-boutique-curiosit\u00e9s.fr\/wp-content\/uploads\/2023\/11\/Grenouille_7-300x225.jpg\" class=\"attachment-medium size-medium\" alt=\"\" srcset=\"https:\/\/petite-boutique-curiosit\u00e9s.fr\/wp-content\/uploads\/2023\/11\/Grenouille_7-300x225.jpg 300w, https:\/\/petite-boutique-curiosit\u00e9s.fr\/wp-content\/uploads\/2023\/11\/Grenouille_7-1024x768.jpg 1024w, https:\/\/petite-boutique-curiosit\u00e9s.fr\/wp-content\/uploads\/2023\/11\/Grenouille_7-768x576.jpg 768w, https:\/\/petite-boutique-curiosit\u00e9s.fr\/wp-content\/uploads\/2023\/11\/Grenouille_7-1536x1152.jpg 1536w, https:\/\/petite-boutique-curiosit\u00e9s.fr\/wp-content\/uploads\/2023\/11\/Grenouille_7-2048x1536.jpg 2048w\" sizes=\"auto, (max-width: 300px) 100vw, 300px\" \/><\/a>\n\t\t\t<\/div><\/figure><figure class='gallery-item'>\n\t\t\t<div class='gallery-icon landscape'>\n\t\t\t\t<a href='https:\/\/petite-boutique-curiosit\u00e9s.fr\/wp-content\/uploads\/2023\/11\/Grenouille_6-scaled.jpg'><img loading=\"lazy\" decoding=\"async\" width=\"300\" height=\"225\" src=\"https:\/\/petite-boutique-curiosit\u00e9s.fr\/wp-content\/uploads\/2023\/11\/Grenouille_6-300x225.jpg\" class=\"attachment-medium size-medium\" alt=\"\" srcset=\"https:\/\/petite-boutique-curiosit\u00e9s.fr\/wp-content\/uploads\/2023\/11\/Grenouille_6-300x225.jpg 300w, https:\/\/petite-boutique-curiosit\u00e9s.fr\/wp-content\/uploads\/2023\/11\/Grenouille_6-1024x768.jpg 1024w, https:\/\/petite-boutique-curiosit\u00e9s.fr\/wp-content\/uploads\/2023\/11\/Grenouille_6-768x576.jpg 768w, https:\/\/petite-boutique-curiosit\u00e9s.fr\/wp-content\/uploads\/2023\/11\/Grenouille_6-1536x1152.jpg 1536w, https:\/\/petite-boutique-curiosit\u00e9s.fr\/wp-content\/uploads\/2023\/11\/Grenouille_6-2048x1536.jpg 2048w\" sizes=\"auto, (max-width: 300px) 100vw, 300px\" \/><\/a>\n\t\t\t<\/div><\/figure><figure class='gallery-item'>\n\t\t\t<div class='gallery-icon landscape'>\n\t\t\t\t<a href='https:\/\/petite-boutique-curiosit\u00e9s.fr\/wp-content\/uploads\/2023\/11\/Grenouille_2-scaled.jpg'><img loading=\"lazy\" decoding=\"async\" width=\"300\" height=\"225\" src=\"https:\/\/petite-boutique-curiosit\u00e9s.fr\/wp-content\/uploads\/2023\/11\/Grenouille_2-300x225.jpg\" class=\"attachment-medium size-medium\" alt=\"\" srcset=\"https:\/\/petite-boutique-curiosit\u00e9s.fr\/wp-content\/uploads\/2023\/11\/Grenouille_2-300x225.jpg 300w, https:\/\/petite-boutique-curiosit\u00e9s.fr\/wp-content\/uploads\/2023\/11\/Grenouille_2-1024x768.jpg 1024w, https:\/\/petite-boutique-curiosit\u00e9s.fr\/wp-content\/uploads\/2023\/11\/Grenouille_2-768x576.jpg 768w, https:\/\/petite-boutique-curiosit\u00e9s.fr\/wp-content\/uploads\/2023\/11\/Grenouille_2-1536x1152.jpg 1536w, https:\/\/petite-boutique-curiosit\u00e9s.fr\/wp-content\/uploads\/2023\/11\/Grenouille_2-2048x1536.jpg 2048w\" sizes=\"auto, (max-width: 300px) 100vw, 300px\" \/><\/a>\n\t\t\t<\/div><\/figure><figure class='gallery-item'>\n\t\t\t<div class='gallery-icon landscape'>\n\t\t\t\t<a href='https:\/\/petite-boutique-curiosit\u00e9s.fr\/wp-content\/uploads\/2023\/11\/Grenouille_IMG_0179-scaled.jpg'><img loading=\"lazy\" decoding=\"async\" width=\"300\" height=\"225\" src=\"https:\/\/petite-boutique-curiosit\u00e9s.fr\/wp-content\/uploads\/2023\/11\/Grenouille_IMG_0179-300x225.jpg\" class=\"attachment-medium size-medium\" alt=\"\" srcset=\"https:\/\/petite-boutique-curiosit\u00e9s.fr\/wp-content\/uploads\/2023\/11\/Grenouille_IMG_0179-300x225.jpg 300w, https:\/\/petite-boutique-curiosit\u00e9s.fr\/wp-content\/uploads\/2023\/11\/Grenouille_IMG_0179-1024x768.jpg 1024w, https:\/\/petite-boutique-curiosit\u00e9s.fr\/wp-content\/uploads\/2023\/11\/Grenouille_IMG_0179-768x576.jpg 768w, https:\/\/petite-boutique-curiosit\u00e9s.fr\/wp-content\/uploads\/2023\/11\/Grenouille_IMG_0179-1536x1152.jpg 1536w, https:\/\/petite-boutique-curiosit\u00e9s.fr\/wp-content\/uploads\/2023\/11\/Grenouille_IMG_0179-2048x1536.jpg 2048w\" sizes=\"auto, (max-width: 300px) 100vw, 300px\" \/><\/a>\n\t\t\t<\/div><\/figure><figure class='gallery-item'>\n\t\t\t<div class='gallery-icon landscape'>\n\t\t\t\t<a href='https:\/\/petite-boutique-curiosit\u00e9s.fr\/wp-content\/uploads\/2023\/11\/Grenouille_4-scaled.jpg'><img loading=\"lazy\" decoding=\"async\" width=\"300\" height=\"225\" src=\"https:\/\/petite-boutique-curiosit\u00e9s.fr\/wp-content\/uploads\/2023\/11\/Grenouille_4-300x225.jpg\" class=\"attachment-medium size-medium\" alt=\"\" srcset=\"https:\/\/petite-boutique-curiosit\u00e9s.fr\/wp-content\/uploads\/2023\/11\/Grenouille_4-300x225.jpg 300w, https:\/\/petite-boutique-curiosit\u00e9s.fr\/wp-content\/uploads\/2023\/11\/Grenouille_4-1024x768.jpg 1024w, https:\/\/petite-boutique-curiosit\u00e9s.fr\/wp-content\/uploads\/2023\/11\/Grenouille_4-768x576.jpg 768w, https:\/\/petite-boutique-curiosit\u00e9s.fr\/wp-content\/uploads\/2023\/11\/Grenouille_4-1536x1152.jpg 1536w, https:\/\/petite-boutique-curiosit\u00e9s.fr\/wp-content\/uploads\/2023\/11\/Grenouille_4-2048x1536.jpg 2048w\" sizes=\"auto, (max-width: 300px) 100vw, 300px\" \/><\/a>\n\t\t\t<\/div><\/figure><figure class='gallery-item'>\n\t\t\t<div class='gallery-icon landscape'>\n\t\t\t\t<a href='https:\/\/petite-boutique-curiosit\u00e9s.fr\/wp-content\/uploads\/2023\/11\/Grenouille_8-scaled.jpg'><img loading=\"lazy\" decoding=\"async\" width=\"300\" height=\"225\" src=\"https:\/\/petite-boutique-curiosit\u00e9s.fr\/wp-content\/uploads\/2023\/11\/Grenouille_8-300x225.jpg\" class=\"attachment-medium size-medium\" alt=\"\" srcset=\"https:\/\/petite-boutique-curiosit\u00e9s.fr\/wp-content\/uploads\/2023\/11\/Grenouille_8-300x225.jpg 300w, https:\/\/petite-boutique-curiosit\u00e9s.fr\/wp-content\/uploads\/2023\/11\/Grenouille_8-1024x768.jpg 1024w, https:\/\/petite-boutique-curiosit\u00e9s.fr\/wp-content\/uploads\/2023\/11\/Grenouille_8-768x576.jpg 768w, https:\/\/petite-boutique-curiosit\u00e9s.fr\/wp-content\/uploads\/2023\/11\/Grenouille_8-1536x1152.jpg 1536w, https:\/\/petite-boutique-curiosit\u00e9s.fr\/wp-content\/uploads\/2023\/11\/Grenouille_8-2048x1536.jpg 2048w\" sizes=\"auto, (max-width: 300px) 100vw, 300px\" \/><\/a>\n\t\t\t<\/div><\/figure><figure class='gallery-item'>\n\t\t\t<div class='gallery-icon landscape'>\n\t\t\t\t<a href='https:\/\/petite-boutique-curiosit\u00e9s.fr\/wp-content\/uploads\/2023\/11\/Grenouille_5-scaled.jpg'><img loading=\"lazy\" decoding=\"async\" width=\"300\" height=\"225\" src=\"https:\/\/petite-boutique-curiosit\u00e9s.fr\/wp-content\/uploads\/2023\/11\/Grenouille_5-300x225.jpg\" class=\"attachment-medium size-medium\" alt=\"\" srcset=\"https:\/\/petite-boutique-curiosit\u00e9s.fr\/wp-content\/uploads\/2023\/11\/Grenouille_5-300x225.jpg 300w, https:\/\/petite-boutique-curiosit\u00e9s.fr\/wp-content\/uploads\/2023\/11\/Grenouille_5-1024x768.jpg 1024w, https:\/\/petite-boutique-curiosit\u00e9s.fr\/wp-content\/uploads\/2023\/11\/Grenouille_5-768x576.jpg 768w, https:\/\/petite-boutique-curiosit\u00e9s.fr\/wp-content\/uploads\/2023\/11\/Grenouille_5-1536x1152.jpg 1536w, https:\/\/petite-boutique-curiosit\u00e9s.fr\/wp-content\/uploads\/2023\/11\/Grenouille_5-2048x1536.jpg 2048w\" sizes=\"auto, (max-width: 300px) 100vw, 300px\" \/><\/a>\n\t\t\t<\/div><\/figure>\n\t\t<\/div>\n\n<div id='gallery-2' class='gallery galleryid-1779 gallery-columns-2 gallery-size-medium'><figure class='gallery-item'>\n\t\t\t<div class='gallery-icon portrait'>\n\t\t\t\t<a href='https:\/\/petite-boutique-curiosit\u00e9s.fr\/wp-content\/uploads\/2023\/11\/Grenouille_V2.jpg'><img loading=\"lazy\" decoding=\"async\" width=\"225\" height=\"300\" src=\"https:\/\/petite-boutique-curiosit\u00e9s.fr\/wp-content\/uploads\/2023\/11\/Grenouille_V2-225x300.jpg\" class=\"attachment-medium size-medium\" alt=\"\" srcset=\"https:\/\/petite-boutique-curiosit\u00e9s.fr\/wp-content\/uploads\/2023\/11\/Grenouille_V2-225x300.jpg 225w, https:\/\/petite-boutique-curiosit\u00e9s.fr\/wp-content\/uploads\/2023\/11\/Grenouille_V2-768x1024.jpg 768w, https:\/\/petite-boutique-curiosit\u00e9s.fr\/wp-content\/uploads\/2023\/11\/Grenouille_V2.jpg 1000w\" sizes=\"auto, (max-width: 225px) 100vw, 225px\" \/><\/a>\n\t\t\t<\/div><\/figure><figure class='gallery-item'>\n\t\t\t<div class='gallery-icon portrait'>\n\t\t\t\t<a href='https:\/\/petite-boutique-curiosit\u00e9s.fr\/wp-content\/uploads\/2023\/11\/Grenouille_V1.jpg'><img loading=\"lazy\" decoding=\"async\" width=\"225\" height=\"300\" src=\"https:\/\/petite-boutique-curiosit\u00e9s.fr\/wp-content\/uploads\/2023\/11\/Grenouille_V1-225x300.jpg\" class=\"attachment-medium size-medium\" alt=\"\" srcset=\"https:\/\/petite-boutique-curiosit\u00e9s.fr\/wp-content\/uploads\/2023\/11\/Grenouille_V1-225x300.jpg 225w, https:\/\/petite-boutique-curiosit\u00e9s.fr\/wp-content\/uploads\/2023\/11\/Grenouille_V1-768x1024.jpg 768w, https:\/\/petite-boutique-curiosit\u00e9s.fr\/wp-content\/uploads\/2023\/11\/Grenouille_V1-1152x1536.jpg 1152w, https:\/\/petite-boutique-curiosit\u00e9s.fr\/wp-content\/uploads\/2023\/11\/Grenouille_V1.jpg 1536w\" sizes=\"auto, (max-width: 225px) 100vw, 225px\" \/><\/a>\n\t\t\t<\/div><\/figure>\n\t\t<\/div>\n\n","protected":false},"excerpt":{"rendered":"<p>Entendez vous le chant des batraciens ? Eh bien \u00e7a ne vient pas de ces grenouilles, sages comme des images sur leur feuille de zinc. Elles peuvent se piquer tout autant dans un pot de fleur d&rsquo;int\u00e9rieur que dans votre jardin&#8230; Elles sont r\u00e9alis\u00e9es \u00e0 partir de boites \u00e0 biscuits en m\u00e9tal.<\/p>\n","protected":false},"author":1,"featured_media":0,"parent":0,"menu_order":0,"comment_status":"closed","ping_status":"closed","template":"","meta":{"footnotes":""},"class_list":["post-1779","page","type-page","status-publish","hentry"],"_links":{"self":[{"href":"https:\/\/petite-boutique-curiosit\u00e9s.fr\/index.php\/wp-json\/wp\/v2\/pages\/1779","targetHints":{"allow":["GET"]}}],"collection":[{"href":"https:\/\/petite-boutique-curiosit\u00e9s.fr\/index.php\/wp-json\/wp\/v2\/pages"}],"about":[{"href":"https:\/\/petite-boutique-curiosit\u00e9s.fr\/index.php\/wp-json\/wp\/v2\/types\/page"}],"author":[{"embeddable":true,"href":"https:\/\/petite-boutique-curiosit\u00e9s.fr\/index.php\/wp-json\/wp\/v2\/users\/1"}],"replies":[{"embeddable":true,"href":"https:\/\/petite-boutique-curiosit\u00e9s.fr\/index.php\/wp-json\/wp\/v2\/comments?post=1779"}],"version-history":[{"count":2,"href":"https:\/\/petite-boutique-curiosit\u00e9s.fr\/index.php\/wp-json\/wp\/v2\/pages\/1779\/revisions"}],"predecessor-version":[{"id":1792,"href":"https:\/\/petite-boutique-curiosit\u00e9s.fr\/index.php\/wp-json\/wp\/v2\/pages\/1779\/revisions\/1792"}],"wp:attachment":[{"href":"https:\/\/petite-boutique-curiosit\u00e9s.fr\/index.php\/wp-json\/wp\/v2\/media?parent=1779"}],"curies":[{"name":"wp","href":"https:\/\/api.w.org\/{rel}","templated":true}]}}