{"id":2,"date":"2013-11-02T23:03:07","date_gmt":"2013-11-02T22:03:07","guid":{"rendered":"http:\/\/petite-boutique-curiosit\u00e9s.fr\/?page_id=2"},"modified":"2024-11-22T22:25:30","modified_gmt":"2024-11-22T21:25:30","slug":"index","status":"publish","type":"page","link":"https:\/\/petite-boutique-curiosit\u00e9s.fr\/index.php\/","title":{"rendered":"Accueil"},"content":{"rendered":"<p><img loading=\"lazy\" decoding=\"async\" class=\"aligncenter wp-image-25\" src=\"http:\/\/petite-boutique-curiosit\u00e9s.fr\/wp-content\/uploads\/2013\/11\/photoaccueil3.jpg\" alt=\"Aimez-vous les vieilles \u00e9piceries, l'odeur des crayons de couleur dans une vieille boite en m\u00e9tal, le contenu \u00e9trange des tubes \u00e0 essai dans un laboratoire, les drogueries, les cabinets de curiosit\u00e9, le cin\u00e9ma de Melies, la douceur d'un rayon de soleil en hiver, les bonheurs simples et les voyages en imaginaire ? ... Si vous partagez ces quelques madeleines de Proust, poursuivez vite la visite ...\" width=\"900\" height=\"1350\" srcset=\"https:\/\/petite-boutique-curiosit\u00e9s.fr\/wp-content\/uploads\/2013\/11\/photoaccueil3.jpg 930w, https:\/\/petite-boutique-curiosit\u00e9s.fr\/wp-content\/uploads\/2013\/11\/photoaccueil3-200x300.jpg 200w, https:\/\/petite-boutique-curiosit\u00e9s.fr\/wp-content\/uploads\/2013\/11\/photoaccueil3-682x1024.jpg 682w\" sizes=\"auto, (max-width: 900px) 100vw, 900px\" \/><\/p>\n<p style=\"text-align: center;\">\u00ab\u00a0La petite boutique des curiosit\u00e9s\u00a0\u00bb<br \/>\nAnna\u00efg DELAHAYE<br \/>\nCr\u00e9atrice d&rsquo;objets po\u00e9tico-humoro-insolites<\/p>\n","protected":false},"excerpt":{"rendered":"<p>\u00ab\u00a0La petite boutique des curiosit\u00e9s\u00a0\u00bb Anna\u00efg DELAHAYE Cr\u00e9atrice d&rsquo;objets po\u00e9tico-humoro-insolites<\/p>\n","protected":false},"author":1,"featured_media":0,"parent":0,"menu_order":0,"comment_status":"closed","ping_status":"closed","template":"","meta":{"footnotes":""},"class_list":["post-2","page","type-page","status-publish","hentry"],"_links":{"self":[{"href":"https:\/\/petite-boutique-curiosit\u00e9s.fr\/index.php\/wp-json\/wp\/v2\/pages\/2","targetHints":{"allow":["GET"]}}],"collection":[{"href":"https:\/\/petite-boutique-curiosit\u00e9s.fr\/index.php\/wp-json\/wp\/v2\/pages"}],"about":[{"href":"https:\/\/petite-boutique-curiosit\u00e9s.fr\/index.php\/wp-json\/wp\/v2\/types\/page"}],"author":[{"embeddable":true,"href":"https:\/\/petite-boutique-curiosit\u00e9s.fr\/index.php\/wp-json\/wp\/v2\/users\/1"}],"replies":[{"embeddable":true,"href":"https:\/\/petite-boutique-curiosit\u00e9s.fr\/index.php\/wp-json\/wp\/v2\/comments?post=2"}],"version-history":[{"count":22,"href":"https:\/\/petite-boutique-curiosit\u00e9s.fr\/index.php\/wp-json\/wp\/v2\/pages\/2\/revisions"}],"predecessor-version":[{"id":1963,"href":"https:\/\/petite-boutique-curiosit\u00e9s.fr\/index.php\/wp-json\/wp\/v2\/pages\/2\/revisions\/1963"}],"wp:attachment":[{"href":"https:\/\/petite-boutique-curiosit\u00e9s.fr\/index.php\/wp-json\/wp\/v2\/media?parent=2"}],"curies":[{"name":"wp","href":"https:\/\/api.w.org\/{rel}","templated":true}]}}