{"id":2217,"date":"2024-11-23T22:02:26","date_gmt":"2024-11-23T21:02:26","guid":{"rendered":"https:\/\/petite-boutique-curiosit\u00e9s.fr\/index.php\/?page_id=2217"},"modified":"2024-11-24T21:57:48","modified_gmt":"2024-11-24T20:57:48","slug":"les-oiseaux-2","status":"publish","type":"page","link":"https:\/\/petite-boutique-curiosit\u00e9s.fr\/index.php\/objets-decoration\/les-oiseaux-2\/","title":{"rendered":"Les oiseaux"},"content":{"rendered":"<p><em><a href=\"https:\/\/petite-boutique-curiosit\u00e9s.fr\/wp-content\/uploads\/2024\/11\/unnamed-file.jpg\"><img loading=\"lazy\" decoding=\"async\" class=\"alignright size-medium wp-image-2221\" src=\"https:\/\/petite-boutique-curiosit\u00e9s.fr\/wp-content\/uploads\/2024\/11\/unnamed-file-246x300.jpg\" alt=\"\" width=\"246\" height=\"300\" srcset=\"https:\/\/petite-boutique-curiosit\u00e9s.fr\/wp-content\/uploads\/2024\/11\/unnamed-file-246x300.jpg 246w, https:\/\/petite-boutique-curiosit\u00e9s.fr\/wp-content\/uploads\/2024\/11\/unnamed-file-838x1024.jpg 838w, https:\/\/petite-boutique-curiosit\u00e9s.fr\/wp-content\/uploads\/2024\/11\/unnamed-file-768x938.jpg 768w, https:\/\/petite-boutique-curiosit\u00e9s.fr\/wp-content\/uploads\/2024\/11\/unnamed-file-1257x1536.jpg 1257w, https:\/\/petite-boutique-curiosit\u00e9s.fr\/wp-content\/uploads\/2024\/11\/unnamed-file.jpg 1676w\" sizes=\"auto, (max-width: 246px) 100vw, 246px\" \/><\/a>&#8211;&gt; Retour \u00e0 la page \u00ab\u00a0<a title=\"Les objets de d\u00e9coration\" href=\"http:\/\/petite-boutique-curiosit\u00e9s.fr\/?page_id=29\">objets de d\u00e9coration<\/a>\u00ab\u00a0<\/em><\/p>\n<p><em>Ces oiseaux se jouent du bois et du m\u00e9tal de r\u00e9cup\u00e9ration dont ils sont v\u00eatus.<br \/>\nIls sont l\u00e9gers comme l\u2019air et ne se lassent pas de voler sur les murs.<\/p>\n<p>Ils sont en bois, m\u00e9tal de vieilles boites et chambre \u00e0 air.<br \/>\nFinitions \u00e0 la peinture acrylique.<\/p>\n<p>Chaque pi\u00e8ce est unique.<\/em><\/p>\n<div id='gallery-1' class='gallery galleryid-2217 gallery-columns-3 gallery-size-medium'><figure class='gallery-item'>\n\t\t\t<div class='gallery-icon portrait'>\n\t\t\t\t<a href='https:\/\/petite-boutique-curiosit\u00e9s.fr\/wp-content\/uploads\/2024\/11\/14.jpg'><img loading=\"lazy\" decoding=\"async\" width=\"225\" height=\"300\" src=\"https:\/\/petite-boutique-curiosit\u00e9s.fr\/wp-content\/uploads\/2024\/11\/14-225x300.jpg\" class=\"attachment-medium size-medium\" alt=\"\" srcset=\"https:\/\/petite-boutique-curiosit\u00e9s.fr\/wp-content\/uploads\/2024\/11\/14-225x300.jpg 225w, https:\/\/petite-boutique-curiosit\u00e9s.fr\/wp-content\/uploads\/2024\/11\/14-768x1024.jpg 768w, https:\/\/petite-boutique-curiosit\u00e9s.fr\/wp-content\/uploads\/2024\/11\/14-1152x1536.jpg 1152w, https:\/\/petite-boutique-curiosit\u00e9s.fr\/wp-content\/uploads\/2024\/11\/14.jpg 1536w\" sizes=\"auto, (max-width: 225px) 100vw, 225px\" \/><\/a>\n\t\t\t<\/div><\/figure><figure class='gallery-item'>\n\t\t\t<div class='gallery-icon portrait'>\n\t\t\t\t<a href='https:\/\/petite-boutique-curiosit\u00e9s.fr\/wp-content\/uploads\/2024\/11\/7.jpg'><img loading=\"lazy\" decoding=\"async\" width=\"225\" height=\"300\" src=\"https:\/\/petite-boutique-curiosit\u00e9s.fr\/wp-content\/uploads\/2024\/11\/7-225x300.jpg\" class=\"attachment-medium size-medium\" alt=\"\" srcset=\"https:\/\/petite-boutique-curiosit\u00e9s.fr\/wp-content\/uploads\/2024\/11\/7-225x300.jpg 225w, https:\/\/petite-boutique-curiosit\u00e9s.fr\/wp-content\/uploads\/2024\/11\/7-768x1024.jpg 768w, https:\/\/petite-boutique-curiosit\u00e9s.fr\/wp-content\/uploads\/2024\/11\/7-1152x1536.jpg 1152w, https:\/\/petite-boutique-curiosit\u00e9s.fr\/wp-content\/uploads\/2024\/11\/7.jpg 1536w\" sizes=\"auto, (max-width: 225px) 100vw, 225px\" \/><\/a>\n\t\t\t<\/div><\/figure><figure class='gallery-item'>\n\t\t\t<div class='gallery-icon portrait'>\n\t\t\t\t<a href='https:\/\/petite-boutique-curiosit\u00e9s.fr\/wp-content\/uploads\/2024\/11\/441190207_974434854345373_1834246991342876033_n.jpg'><img loading=\"lazy\" decoding=\"async\" width=\"225\" height=\"300\" src=\"https:\/\/petite-boutique-curiosit\u00e9s.fr\/wp-content\/uploads\/2024\/11\/441190207_974434854345373_1834246991342876033_n-225x300.jpg\" class=\"attachment-medium size-medium\" alt=\"\" srcset=\"https:\/\/petite-boutique-curiosit\u00e9s.fr\/wp-content\/uploads\/2024\/11\/441190207_974434854345373_1834246991342876033_n-225x300.jpg 225w, https:\/\/petite-boutique-curiosit\u00e9s.fr\/wp-content\/uploads\/2024\/11\/441190207_974434854345373_1834246991342876033_n-768x1024.jpg 768w, https:\/\/petite-boutique-curiosit\u00e9s.fr\/wp-content\/uploads\/2024\/11\/441190207_974434854345373_1834246991342876033_n-1152x1536.jpg 1152w, https:\/\/petite-boutique-curiosit\u00e9s.fr\/wp-content\/uploads\/2024\/11\/441190207_974434854345373_1834246991342876033_n.jpg 1536w\" sizes=\"auto, (max-width: 225px) 100vw, 225px\" \/><\/a>\n\t\t\t<\/div><\/figure><figure class='gallery-item'>\n\t\t\t<div class='gallery-icon portrait'>\n\t\t\t\t<a href='https:\/\/petite-boutique-curiosit\u00e9s.fr\/wp-content\/uploads\/2024\/11\/3.jpg'><img loading=\"lazy\" decoding=\"async\" width=\"225\" height=\"300\" src=\"https:\/\/petite-boutique-curiosit\u00e9s.fr\/wp-content\/uploads\/2024\/11\/3-225x300.jpg\" class=\"attachment-medium size-medium\" alt=\"\" srcset=\"https:\/\/petite-boutique-curiosit\u00e9s.fr\/wp-content\/uploads\/2024\/11\/3-225x300.jpg 225w, https:\/\/petite-boutique-curiosit\u00e9s.fr\/wp-content\/uploads\/2024\/11\/3-768x1024.jpg 768w, https:\/\/petite-boutique-curiosit\u00e9s.fr\/wp-content\/uploads\/2024\/11\/3-1152x1536.jpg 1152w, https:\/\/petite-boutique-curiosit\u00e9s.fr\/wp-content\/uploads\/2024\/11\/3.jpg 1536w\" sizes=\"auto, (max-width: 225px) 100vw, 225px\" \/><\/a>\n\t\t\t<\/div><\/figure><figure class='gallery-item'>\n\t\t\t<div class='gallery-icon portrait'>\n\t\t\t\t<a href='https:\/\/petite-boutique-curiosit\u00e9s.fr\/wp-content\/uploads\/2024\/11\/9.jpg'><img loading=\"lazy\" decoding=\"async\" width=\"225\" height=\"300\" src=\"https:\/\/petite-boutique-curiosit\u00e9s.fr\/wp-content\/uploads\/2024\/11\/9-225x300.jpg\" class=\"attachment-medium size-medium\" alt=\"\" srcset=\"https:\/\/petite-boutique-curiosit\u00e9s.fr\/wp-content\/uploads\/2024\/11\/9-225x300.jpg 225w, https:\/\/petite-boutique-curiosit\u00e9s.fr\/wp-content\/uploads\/2024\/11\/9-768x1024.jpg 768w, https:\/\/petite-boutique-curiosit\u00e9s.fr\/wp-content\/uploads\/2024\/11\/9-1152x1536.jpg 1152w, https:\/\/petite-boutique-curiosit\u00e9s.fr\/wp-content\/uploads\/2024\/11\/9.jpg 1536w\" sizes=\"auto, (max-width: 225px) 100vw, 225px\" \/><\/a>\n\t\t\t<\/div><\/figure><figure class='gallery-item'>\n\t\t\t<div class='gallery-icon portrait'>\n\t\t\t\t<a href='https:\/\/petite-boutique-curiosit\u00e9s.fr\/wp-content\/uploads\/2024\/11\/441910371_974435111012014_8678975251761348537_n.jpg'><img loading=\"lazy\" decoding=\"async\" width=\"225\" height=\"300\" src=\"https:\/\/petite-boutique-curiosit\u00e9s.fr\/wp-content\/uploads\/2024\/11\/441910371_974435111012014_8678975251761348537_n-225x300.jpg\" class=\"attachment-medium size-medium\" alt=\"\" srcset=\"https:\/\/petite-boutique-curiosit\u00e9s.fr\/wp-content\/uploads\/2024\/11\/441910371_974435111012014_8678975251761348537_n-225x300.jpg 225w, https:\/\/petite-boutique-curiosit\u00e9s.fr\/wp-content\/uploads\/2024\/11\/441910371_974435111012014_8678975251761348537_n-768x1024.jpg 768w, https:\/\/petite-boutique-curiosit\u00e9s.fr\/wp-content\/uploads\/2024\/11\/441910371_974435111012014_8678975251761348537_n-1152x1536.jpg 1152w, https:\/\/petite-boutique-curiosit\u00e9s.fr\/wp-content\/uploads\/2024\/11\/441910371_974435111012014_8678975251761348537_n.jpg 1536w\" sizes=\"auto, (max-width: 225px) 100vw, 225px\" \/><\/a>\n\t\t\t<\/div><\/figure><figure class='gallery-item'>\n\t\t\t<div class='gallery-icon portrait'>\n\t\t\t\t<a href='https:\/\/petite-boutique-curiosit\u00e9s.fr\/wp-content\/uploads\/2024\/11\/6.jpg'><img loading=\"lazy\" decoding=\"async\" width=\"225\" height=\"300\" src=\"https:\/\/petite-boutique-curiosit\u00e9s.fr\/wp-content\/uploads\/2024\/11\/6-225x300.jpg\" class=\"attachment-medium size-medium\" alt=\"\" srcset=\"https:\/\/petite-boutique-curiosit\u00e9s.fr\/wp-content\/uploads\/2024\/11\/6-225x300.jpg 225w, https:\/\/petite-boutique-curiosit\u00e9s.fr\/wp-content\/uploads\/2024\/11\/6-768x1024.jpg 768w, https:\/\/petite-boutique-curiosit\u00e9s.fr\/wp-content\/uploads\/2024\/11\/6-1152x1536.jpg 1152w, https:\/\/petite-boutique-curiosit\u00e9s.fr\/wp-content\/uploads\/2024\/11\/6.jpg 1536w\" sizes=\"auto, (max-width: 225px) 100vw, 225px\" \/><\/a>\n\t\t\t<\/div><\/figure><figure class='gallery-item'>\n\t\t\t<div class='gallery-icon portrait'>\n\t\t\t\t<a href='https:\/\/petite-boutique-curiosit\u00e9s.fr\/wp-content\/uploads\/2024\/11\/2.jpg'><img loading=\"lazy\" decoding=\"async\" width=\"225\" height=\"300\" src=\"https:\/\/petite-boutique-curiosit\u00e9s.fr\/wp-content\/uploads\/2024\/11\/2-225x300.jpg\" class=\"attachment-medium size-medium\" alt=\"\" srcset=\"https:\/\/petite-boutique-curiosit\u00e9s.fr\/wp-content\/uploads\/2024\/11\/2-225x300.jpg 225w, https:\/\/petite-boutique-curiosit\u00e9s.fr\/wp-content\/uploads\/2024\/11\/2-768x1024.jpg 768w, https:\/\/petite-boutique-curiosit\u00e9s.fr\/wp-content\/uploads\/2024\/11\/2-1152x1536.jpg 1152w, https:\/\/petite-boutique-curiosit\u00e9s.fr\/wp-content\/uploads\/2024\/11\/2.jpg 1536w\" sizes=\"auto, (max-width: 225px) 100vw, 225px\" \/><\/a>\n\t\t\t<\/div><\/figure><figure class='gallery-item'>\n\t\t\t<div class='gallery-icon portrait'>\n\t\t\t\t<a href='https:\/\/petite-boutique-curiosit\u00e9s.fr\/wp-content\/uploads\/2024\/11\/11.jpg'><img loading=\"lazy\" decoding=\"async\" width=\"225\" height=\"300\" src=\"https:\/\/petite-boutique-curiosit\u00e9s.fr\/wp-content\/uploads\/2024\/11\/11-225x300.jpg\" class=\"attachment-medium size-medium\" alt=\"\" srcset=\"https:\/\/petite-boutique-curiosit\u00e9s.fr\/wp-content\/uploads\/2024\/11\/11-225x300.jpg 225w, https:\/\/petite-boutique-curiosit\u00e9s.fr\/wp-content\/uploads\/2024\/11\/11-768x1024.jpg 768w, https:\/\/petite-boutique-curiosit\u00e9s.fr\/wp-content\/uploads\/2024\/11\/11-1152x1536.jpg 1152w, https:\/\/petite-boutique-curiosit\u00e9s.fr\/wp-content\/uploads\/2024\/11\/11.jpg 1536w\" sizes=\"auto, (max-width: 225px) 100vw, 225px\" \/><\/a>\n\t\t\t<\/div><\/figure><figure class='gallery-item'>\n\t\t\t<div class='gallery-icon portrait'>\n\t\t\t\t<a href='https:\/\/petite-boutique-curiosit\u00e9s.fr\/wp-content\/uploads\/2024\/11\/441959057_974434761012049_6481127914176183391_n.jpg'><img loading=\"lazy\" decoding=\"async\" width=\"225\" height=\"300\" src=\"https:\/\/petite-boutique-curiosit\u00e9s.fr\/wp-content\/uploads\/2024\/11\/441959057_974434761012049_6481127914176183391_n-225x300.jpg\" class=\"attachment-medium size-medium\" alt=\"\" srcset=\"https:\/\/petite-boutique-curiosit\u00e9s.fr\/wp-content\/uploads\/2024\/11\/441959057_974434761012049_6481127914176183391_n-225x300.jpg 225w, https:\/\/petite-boutique-curiosit\u00e9s.fr\/wp-content\/uploads\/2024\/11\/441959057_974434761012049_6481127914176183391_n-768x1024.jpg 768w, https:\/\/petite-boutique-curiosit\u00e9s.fr\/wp-content\/uploads\/2024\/11\/441959057_974434761012049_6481127914176183391_n-1152x1536.jpg 1152w, https:\/\/petite-boutique-curiosit\u00e9s.fr\/wp-content\/uploads\/2024\/11\/441959057_974434761012049_6481127914176183391_n.jpg 1536w\" sizes=\"auto, (max-width: 225px) 100vw, 225px\" \/><\/a>\n\t\t\t<\/div><\/figure><figure class='gallery-item'>\n\t\t\t<div class='gallery-icon portrait'>\n\t\t\t\t<a href='https:\/\/petite-boutique-curiosit\u00e9s.fr\/wp-content\/uploads\/2024\/11\/441950701_974435171012008_9200815796136601869_n.jpg'><img loading=\"lazy\" decoding=\"async\" width=\"225\" height=\"300\" src=\"https:\/\/petite-boutique-curiosit\u00e9s.fr\/wp-content\/uploads\/2024\/11\/441950701_974435171012008_9200815796136601869_n-225x300.jpg\" class=\"attachment-medium size-medium\" alt=\"\" srcset=\"https:\/\/petite-boutique-curiosit\u00e9s.fr\/wp-content\/uploads\/2024\/11\/441950701_974435171012008_9200815796136601869_n-225x300.jpg 225w, https:\/\/petite-boutique-curiosit\u00e9s.fr\/wp-content\/uploads\/2024\/11\/441950701_974435171012008_9200815796136601869_n-768x1024.jpg 768w, https:\/\/petite-boutique-curiosit\u00e9s.fr\/wp-content\/uploads\/2024\/11\/441950701_974435171012008_9200815796136601869_n-1152x1536.jpg 1152w, https:\/\/petite-boutique-curiosit\u00e9s.fr\/wp-content\/uploads\/2024\/11\/441950701_974435171012008_9200815796136601869_n.jpg 1536w\" sizes=\"auto, (max-width: 225px) 100vw, 225px\" \/><\/a>\n\t\t\t<\/div><\/figure><figure class='gallery-item'>\n\t\t\t<div class='gallery-icon portrait'>\n\t\t\t\t<a href='https:\/\/petite-boutique-curiosit\u00e9s.fr\/wp-content\/uploads\/2024\/11\/5.jpg'><img loading=\"lazy\" decoding=\"async\" width=\"225\" height=\"300\" src=\"https:\/\/petite-boutique-curiosit\u00e9s.fr\/wp-content\/uploads\/2024\/11\/5-225x300.jpg\" class=\"attachment-medium size-medium\" alt=\"\" srcset=\"https:\/\/petite-boutique-curiosit\u00e9s.fr\/wp-content\/uploads\/2024\/11\/5-225x300.jpg 225w, https:\/\/petite-boutique-curiosit\u00e9s.fr\/wp-content\/uploads\/2024\/11\/5-768x1024.jpg 768w, https:\/\/petite-boutique-curiosit\u00e9s.fr\/wp-content\/uploads\/2024\/11\/5-1152x1536.jpg 1152w, https:\/\/petite-boutique-curiosit\u00e9s.fr\/wp-content\/uploads\/2024\/11\/5.jpg 1536w\" sizes=\"auto, (max-width: 225px) 100vw, 225px\" \/><\/a>\n\t\t\t<\/div><\/figure><figure class='gallery-item'>\n\t\t\t<div class='gallery-icon portrait'>\n\t\t\t\t<a href='https:\/\/petite-boutique-curiosit\u00e9s.fr\/wp-content\/uploads\/2024\/11\/13.jpg'><img loading=\"lazy\" decoding=\"async\" width=\"225\" height=\"300\" src=\"https:\/\/petite-boutique-curiosit\u00e9s.fr\/wp-content\/uploads\/2024\/11\/13-225x300.jpg\" class=\"attachment-medium size-medium\" alt=\"\" srcset=\"https:\/\/petite-boutique-curiosit\u00e9s.fr\/wp-content\/uploads\/2024\/11\/13-225x300.jpg 225w, https:\/\/petite-boutique-curiosit\u00e9s.fr\/wp-content\/uploads\/2024\/11\/13-768x1024.jpg 768w, https:\/\/petite-boutique-curiosit\u00e9s.fr\/wp-content\/uploads\/2024\/11\/13-1152x1536.jpg 1152w, https:\/\/petite-boutique-curiosit\u00e9s.fr\/wp-content\/uploads\/2024\/11\/13.jpg 1536w\" sizes=\"auto, (max-width: 225px) 100vw, 225px\" \/><\/a>\n\t\t\t<\/div><\/figure><figure class='gallery-item'>\n\t\t\t<div class='gallery-icon portrait'>\n\t\t\t\t<a href='https:\/\/petite-boutique-curiosit\u00e9s.fr\/wp-content\/uploads\/2024\/11\/441179708_974434291012096_874659074306974369_n.jpg'><img loading=\"lazy\" decoding=\"async\" width=\"225\" height=\"300\" src=\"https:\/\/petite-boutique-curiosit\u00e9s.fr\/wp-content\/uploads\/2024\/11\/441179708_974434291012096_874659074306974369_n-225x300.jpg\" class=\"attachment-medium size-medium\" alt=\"\" srcset=\"https:\/\/petite-boutique-curiosit\u00e9s.fr\/wp-content\/uploads\/2024\/11\/441179708_974434291012096_874659074306974369_n-225x300.jpg 225w, https:\/\/petite-boutique-curiosit\u00e9s.fr\/wp-content\/uploads\/2024\/11\/441179708_974434291012096_874659074306974369_n-768x1024.jpg 768w, https:\/\/petite-boutique-curiosit\u00e9s.fr\/wp-content\/uploads\/2024\/11\/441179708_974434291012096_874659074306974369_n-1152x1536.jpg 1152w, https:\/\/petite-boutique-curiosit\u00e9s.fr\/wp-content\/uploads\/2024\/11\/441179708_974434291012096_874659074306974369_n.jpg 1536w\" sizes=\"auto, (max-width: 225px) 100vw, 225px\" \/><\/a>\n\t\t\t<\/div><\/figure><figure class='gallery-item'>\n\t\t\t<div class='gallery-icon portrait'>\n\t\t\t\t<a href='https:\/\/petite-boutique-curiosit\u00e9s.fr\/wp-content\/uploads\/2024\/11\/8.jpg'><img loading=\"lazy\" decoding=\"async\" width=\"225\" height=\"300\" src=\"https:\/\/petite-boutique-curiosit\u00e9s.fr\/wp-content\/uploads\/2024\/11\/8-225x300.jpg\" class=\"attachment-medium size-medium\" alt=\"\" srcset=\"https:\/\/petite-boutique-curiosit\u00e9s.fr\/wp-content\/uploads\/2024\/11\/8-225x300.jpg 225w, https:\/\/petite-boutique-curiosit\u00e9s.fr\/wp-content\/uploads\/2024\/11\/8-768x1024.jpg 768w, https:\/\/petite-boutique-curiosit\u00e9s.fr\/wp-content\/uploads\/2024\/11\/8-1152x1536.jpg 1152w, https:\/\/petite-boutique-curiosit\u00e9s.fr\/wp-content\/uploads\/2024\/11\/8.jpg 1536w\" sizes=\"auto, (max-width: 225px) 100vw, 225px\" \/><\/a>\n\t\t\t<\/div><\/figure><figure class='gallery-item'>\n\t\t\t<div class='gallery-icon portrait'>\n\t\t\t\t<a href='https:\/\/petite-boutique-curiosit\u00e9s.fr\/wp-content\/uploads\/2024\/11\/441548137_974434494345409_5918334657254050487_n.jpg'><img loading=\"lazy\" decoding=\"async\" width=\"225\" height=\"300\" src=\"https:\/\/petite-boutique-curiosit\u00e9s.fr\/wp-content\/uploads\/2024\/11\/441548137_974434494345409_5918334657254050487_n-225x300.jpg\" class=\"attachment-medium size-medium\" alt=\"\" srcset=\"https:\/\/petite-boutique-curiosit\u00e9s.fr\/wp-content\/uploads\/2024\/11\/441548137_974434494345409_5918334657254050487_n-225x300.jpg 225w, https:\/\/petite-boutique-curiosit\u00e9s.fr\/wp-content\/uploads\/2024\/11\/441548137_974434494345409_5918334657254050487_n-768x1024.jpg 768w, https:\/\/petite-boutique-curiosit\u00e9s.fr\/wp-content\/uploads\/2024\/11\/441548137_974434494345409_5918334657254050487_n-1152x1536.jpg 1152w, https:\/\/petite-boutique-curiosit\u00e9s.fr\/wp-content\/uploads\/2024\/11\/441548137_974434494345409_5918334657254050487_n.jpg 1536w\" sizes=\"auto, (max-width: 225px) 100vw, 225px\" \/><\/a>\n\t\t\t<\/div><\/figure><figure class='gallery-item'>\n\t\t\t<div class='gallery-icon portrait'>\n\t\t\t\t<a href='https:\/\/petite-boutique-curiosit\u00e9s.fr\/wp-content\/uploads\/2024\/11\/440471705_974435011012024_26335168923160795_n.jpg'><img loading=\"lazy\" decoding=\"async\" width=\"225\" height=\"300\" src=\"https:\/\/petite-boutique-curiosit\u00e9s.fr\/wp-content\/uploads\/2024\/11\/440471705_974435011012024_26335168923160795_n-225x300.jpg\" class=\"attachment-medium size-medium\" alt=\"\" srcset=\"https:\/\/petite-boutique-curiosit\u00e9s.fr\/wp-content\/uploads\/2024\/11\/440471705_974435011012024_26335168923160795_n-225x300.jpg 225w, https:\/\/petite-boutique-curiosit\u00e9s.fr\/wp-content\/uploads\/2024\/11\/440471705_974435011012024_26335168923160795_n-768x1024.jpg 768w, https:\/\/petite-boutique-curiosit\u00e9s.fr\/wp-content\/uploads\/2024\/11\/440471705_974435011012024_26335168923160795_n-1152x1536.jpg 1152w, https:\/\/petite-boutique-curiosit\u00e9s.fr\/wp-content\/uploads\/2024\/11\/440471705_974435011012024_26335168923160795_n.jpg 1536w\" sizes=\"auto, (max-width: 225px) 100vw, 225px\" \/><\/a>\n\t\t\t<\/div><\/figure><figure class='gallery-item'>\n\t\t\t<div class='gallery-icon portrait'>\n\t\t\t\t<a href='https:\/\/petite-boutique-curiosit\u00e9s.fr\/wp-content\/uploads\/2024\/11\/4.jpg'><img loading=\"lazy\" decoding=\"async\" width=\"225\" height=\"300\" src=\"https:\/\/petite-boutique-curiosit\u00e9s.fr\/wp-content\/uploads\/2024\/11\/4-225x300.jpg\" class=\"attachment-medium size-medium\" alt=\"\" srcset=\"https:\/\/petite-boutique-curiosit\u00e9s.fr\/wp-content\/uploads\/2024\/11\/4-225x300.jpg 225w, https:\/\/petite-boutique-curiosit\u00e9s.fr\/wp-content\/uploads\/2024\/11\/4-767x1024.jpg 767w, https:\/\/petite-boutique-curiosit\u00e9s.fr\/wp-content\/uploads\/2024\/11\/4-768x1025.jpg 768w, https:\/\/petite-boutique-curiosit\u00e9s.fr\/wp-content\/uploads\/2024\/11\/4-1151x1536.jpg 1151w, https:\/\/petite-boutique-curiosit\u00e9s.fr\/wp-content\/uploads\/2024\/11\/4.jpg 1534w\" sizes=\"auto, (max-width: 225px) 100vw, 225px\" \/><\/a>\n\t\t\t<\/div><\/figure><figure class='gallery-item'>\n\t\t\t<div class='gallery-icon portrait'>\n\t\t\t\t<a href='https:\/\/petite-boutique-curiosit\u00e9s.fr\/wp-content\/uploads\/2024\/11\/440469964_974434887678703_523248383508780401_n.jpg'><img loading=\"lazy\" decoding=\"async\" width=\"225\" height=\"300\" src=\"https:\/\/petite-boutique-curiosit\u00e9s.fr\/wp-content\/uploads\/2024\/11\/440469964_974434887678703_523248383508780401_n-225x300.jpg\" class=\"attachment-medium size-medium\" alt=\"\" srcset=\"https:\/\/petite-boutique-curiosit\u00e9s.fr\/wp-content\/uploads\/2024\/11\/440469964_974434887678703_523248383508780401_n-225x300.jpg 225w, https:\/\/petite-boutique-curiosit\u00e9s.fr\/wp-content\/uploads\/2024\/11\/440469964_974434887678703_523248383508780401_n-768x1024.jpg 768w, https:\/\/petite-boutique-curiosit\u00e9s.fr\/wp-content\/uploads\/2024\/11\/440469964_974434887678703_523248383508780401_n-1152x1536.jpg 1152w, https:\/\/petite-boutique-curiosit\u00e9s.fr\/wp-content\/uploads\/2024\/11\/440469964_974434887678703_523248383508780401_n.jpg 1536w\" sizes=\"auto, (max-width: 225px) 100vw, 225px\" \/><\/a>\n\t\t\t<\/div><\/figure>\n\t\t<\/div>\n\n<div id='gallery-2' class='gallery galleryid-2217 gallery-columns-2 gallery-size-medium'><figure class='gallery-item'>\n\t\t\t<div class='gallery-icon landscape'>\n\t\t\t\t<a href='https:\/\/petite-boutique-curiosit\u00e9s.fr\/wp-content\/uploads\/2024\/11\/12.jpg'><img loading=\"lazy\" decoding=\"async\" width=\"300\" height=\"225\" src=\"https:\/\/petite-boutique-curiosit\u00e9s.fr\/wp-content\/uploads\/2024\/11\/12-300x225.jpg\" class=\"attachment-medium size-medium\" alt=\"\" srcset=\"https:\/\/petite-boutique-curiosit\u00e9s.fr\/wp-content\/uploads\/2024\/11\/12-300x225.jpg 300w, https:\/\/petite-boutique-curiosit\u00e9s.fr\/wp-content\/uploads\/2024\/11\/12-1024x768.jpg 1024w, https:\/\/petite-boutique-curiosit\u00e9s.fr\/wp-content\/uploads\/2024\/11\/12-768x576.jpg 768w, https:\/\/petite-boutique-curiosit\u00e9s.fr\/wp-content\/uploads\/2024\/11\/12-1536x1152.jpg 1536w, https:\/\/petite-boutique-curiosit\u00e9s.fr\/wp-content\/uploads\/2024\/11\/12.jpg 2048w\" sizes=\"auto, (max-width: 300px) 100vw, 300px\" \/><\/a>\n\t\t\t<\/div><\/figure><figure class='gallery-item'>\n\t\t\t<div class='gallery-icon landscape'>\n\t\t\t\t<a href='https:\/\/petite-boutique-curiosit\u00e9s.fr\/wp-content\/uploads\/2024\/11\/15.jpg'><img loading=\"lazy\" decoding=\"async\" width=\"300\" height=\"225\" src=\"https:\/\/petite-boutique-curiosit\u00e9s.fr\/wp-content\/uploads\/2024\/11\/15-300x225.jpg\" class=\"attachment-medium size-medium\" alt=\"\" srcset=\"https:\/\/petite-boutique-curiosit\u00e9s.fr\/wp-content\/uploads\/2024\/11\/15-300x225.jpg 300w, https:\/\/petite-boutique-curiosit\u00e9s.fr\/wp-content\/uploads\/2024\/11\/15-1024x768.jpg 1024w, https:\/\/petite-boutique-curiosit\u00e9s.fr\/wp-content\/uploads\/2024\/11\/15-768x576.jpg 768w, https:\/\/petite-boutique-curiosit\u00e9s.fr\/wp-content\/uploads\/2024\/11\/15-1536x1152.jpg 1536w, https:\/\/petite-boutique-curiosit\u00e9s.fr\/wp-content\/uploads\/2024\/11\/15.jpg 2048w\" sizes=\"auto, (max-width: 300px) 100vw, 300px\" \/><\/a>\n\t\t\t<\/div><\/figure><figure class='gallery-item'>\n\t\t\t<div class='gallery-icon landscape'>\n\t\t\t\t<a href='https:\/\/petite-boutique-curiosit\u00e9s.fr\/wp-content\/uploads\/2024\/11\/440466694_974434814345377_1797746175434899451_n.jpg'><img loading=\"lazy\" decoding=\"async\" width=\"300\" height=\"225\" src=\"https:\/\/petite-boutique-curiosit\u00e9s.fr\/wp-content\/uploads\/2024\/11\/440466694_974434814345377_1797746175434899451_n-300x225.jpg\" class=\"attachment-medium size-medium\" alt=\"\" srcset=\"https:\/\/petite-boutique-curiosit\u00e9s.fr\/wp-content\/uploads\/2024\/11\/440466694_974434814345377_1797746175434899451_n-300x225.jpg 300w, https:\/\/petite-boutique-curiosit\u00e9s.fr\/wp-content\/uploads\/2024\/11\/440466694_974434814345377_1797746175434899451_n-1024x768.jpg 1024w, https:\/\/petite-boutique-curiosit\u00e9s.fr\/wp-content\/uploads\/2024\/11\/440466694_974434814345377_1797746175434899451_n-768x576.jpg 768w, https:\/\/petite-boutique-curiosit\u00e9s.fr\/wp-content\/uploads\/2024\/11\/440466694_974434814345377_1797746175434899451_n-1536x1152.jpg 1536w, https:\/\/petite-boutique-curiosit\u00e9s.fr\/wp-content\/uploads\/2024\/11\/440466694_974434814345377_1797746175434899451_n.jpg 2048w\" sizes=\"auto, (max-width: 300px) 100vw, 300px\" \/><\/a>\n\t\t\t<\/div><\/figure><figure class='gallery-item'>\n\t\t\t<div class='gallery-icon landscape'>\n\t\t\t\t<a href='https:\/\/petite-boutique-curiosit\u00e9s.fr\/wp-content\/uploads\/2024\/11\/441951956_974434951012030_6531339964650057440_n.jpg'><img loading=\"lazy\" decoding=\"async\" width=\"300\" height=\"225\" src=\"https:\/\/petite-boutique-curiosit\u00e9s.fr\/wp-content\/uploads\/2024\/11\/441951956_974434951012030_6531339964650057440_n-300x225.jpg\" class=\"attachment-medium size-medium\" alt=\"\" srcset=\"https:\/\/petite-boutique-curiosit\u00e9s.fr\/wp-content\/uploads\/2024\/11\/441951956_974434951012030_6531339964650057440_n-300x225.jpg 300w, https:\/\/petite-boutique-curiosit\u00e9s.fr\/wp-content\/uploads\/2024\/11\/441951956_974434951012030_6531339964650057440_n-1024x768.jpg 1024w, https:\/\/petite-boutique-curiosit\u00e9s.fr\/wp-content\/uploads\/2024\/11\/441951956_974434951012030_6531339964650057440_n-768x576.jpg 768w, https:\/\/petite-boutique-curiosit\u00e9s.fr\/wp-content\/uploads\/2024\/11\/441951956_974434951012030_6531339964650057440_n-1536x1152.jpg 1536w, https:\/\/petite-boutique-curiosit\u00e9s.fr\/wp-content\/uploads\/2024\/11\/441951956_974434951012030_6531339964650057440_n.jpg 2048w\" sizes=\"auto, (max-width: 300px) 100vw, 300px\" \/><\/a>\n\t\t\t<\/div><\/figure>\n\t\t<\/div>\n\n","protected":false},"excerpt":{"rendered":"<p>&#8211;&gt; Retour \u00e0 la page \u00ab\u00a0objets de d\u00e9coration\u00ab\u00a0 Ces oiseaux se jouent du bois et du m\u00e9tal de r\u00e9cup\u00e9ration dont ils sont v\u00eatus. Ils sont l\u00e9gers comme l\u2019air et ne se lassent pas de voler sur les murs. Ils sont en bois, m\u00e9tal de vieilles boites et chambre \u00e0 air. Finitions \u00e0 la peinture acrylique. &hellip; <a href=\"https:\/\/petite-boutique-curiosit\u00e9s.fr\/index.php\/objets-decoration\/les-oiseaux-2\/\" class=\"more-link\">Continuer la lecture de <span class=\"screen-reader-text\">Les oiseaux<\/span> <span class=\"meta-nav\">&rarr;<\/span><\/a><\/p>\n","protected":false},"author":1,"featured_media":0,"parent":29,"menu_order":0,"comment_status":"closed","ping_status":"closed","template":"","meta":{"footnotes":""},"class_list":["post-2217","page","type-page","status-publish","hentry"],"_links":{"self":[{"href":"https:\/\/petite-boutique-curiosit\u00e9s.fr\/index.php\/wp-json\/wp\/v2\/pages\/2217","targetHints":{"allow":["GET"]}}],"collection":[{"href":"https:\/\/petite-boutique-curiosit\u00e9s.fr\/index.php\/wp-json\/wp\/v2\/pages"}],"about":[{"href":"https:\/\/petite-boutique-curiosit\u00e9s.fr\/index.php\/wp-json\/wp\/v2\/types\/page"}],"author":[{"embeddable":true,"href":"https:\/\/petite-boutique-curiosit\u00e9s.fr\/index.php\/wp-json\/wp\/v2\/users\/1"}],"replies":[{"embeddable":true,"href":"https:\/\/petite-boutique-curiosit\u00e9s.fr\/index.php\/wp-json\/wp\/v2\/comments?post=2217"}],"version-history":[{"count":8,"href":"https:\/\/petite-boutique-curiosit\u00e9s.fr\/index.php\/wp-json\/wp\/v2\/pages\/2217\/revisions"}],"predecessor-version":[{"id":2220,"href":"https:\/\/petite-boutique-curiosit\u00e9s.fr\/index.php\/wp-json\/wp\/v2\/pages\/2217\/revisions\/2220"}],"up":[{"embeddable":true,"href":"https:\/\/petite-boutique-curiosit\u00e9s.fr\/index.php\/wp-json\/wp\/v2\/pages\/29"}],"wp:attachment":[{"href":"https:\/\/petite-boutique-curiosit\u00e9s.fr\/index.php\/wp-json\/wp\/v2\/media?parent=2217"}],"curies":[{"name":"wp","href":"https:\/\/api.w.org\/{rel}","templated":true}]}}