{"id":29,"date":"2013-11-03T01:51:49","date_gmt":"2013-11-03T00:51:49","guid":{"rendered":"http:\/\/petite-boutique-curiosit\u00e9s.fr\/?page_id=29"},"modified":"2024-11-24T22:05:22","modified_gmt":"2024-11-24T21:05:22","slug":"objets-decoration","status":"publish","type":"page","link":"https:\/\/petite-boutique-curiosit\u00e9s.fr\/index.php\/objets-decoration\/","title":{"rendered":"Les objets de d\u00e9coration"},"content":{"rendered":"<p>Vous trouverez sur cette page les <i>cr\u00e9ations les plus r\u00e9centes<\/i> :<\/p>\n<h4>\u00ab <a href=\"https:\/\/petite-boutique-curiosit\u00e9s.fr\/objets-decoration\/les-oiseaux-2\/\">Les oiseaux<\/a> \u00bb<a href=\"https:\/\/petite-boutique-curiosit\u00e9s.fr\/objets-decoration\/les-oiseaux-2\/\"><img decoding=\"async\" class=\"alignright size-medium wp-image-2244\" src=\"https:\/\/petite-boutique-curiosit\u00e9s.fr\/wp-content\/uploads\/2024\/11\/15-300x225.jpg\" width=\"40%\" height=\"40%\" srcset=\"https:\/\/petite-boutique-curiosit\u00e9s.fr\/wp-content\/uploads\/2024\/11\/15-300x225.jpg 300w, https:\/\/petite-boutique-curiosit\u00e9s.fr\/wp-content\/uploads\/2024\/11\/15-1024x768.jpg 1024w, https:\/\/petite-boutique-curiosit\u00e9s.fr\/wp-content\/uploads\/2024\/11\/15-768x576.jpg 768w, https:\/\/petite-boutique-curiosit\u00e9s.fr\/wp-content\/uploads\/2024\/11\/15-1536x1152.jpg 1536w, https:\/\/petite-boutique-curiosit\u00e9s.fr\/wp-content\/uploads\/2024\/11\/15.jpg 2048w\" sizes=\"(max-width: 300px) 100vw, 300px\" \/><\/a><\/h4>\n<p>Ces oiseaux se jouent du bois et du m\u00e9tal de r\u00e9cup\u00e9ration dont ils sont v\u00eatus, ils sont l\u00e9gers comme l\u2019air et ne se lassent pas de voler sur les murs.<\/p>\n<p>Ils sont en bois , m\u00e9tal de vieilles boites et chambre \u00e0 air.<br \/>\nFinitions \u00e0 la peinture acrylique.<\/p>\n<p>Chaque pi\u00e8ce est unique.<\/p>\n<p><a href=\"https:\/\/petite-boutique-curiosit\u00e9s.fr\/objets-decoration\/les-oiseaux-2\/\">La suite en images<\/a><\/p>\n<p align=\"center\">&#8211; &#8211; &#8211;<\/p>\n<h4><a href=\"http:\/\/petite-boutique-curiosit\u00e9s.fr\/objets-decoration\/insectes-imaginaires\/\"><img decoding=\"async\" class=\"alignleft wp-image-1545 size-medium\" title=\"...\" src=\"https:\/\/petite-boutique-curiosit\u00e9s.fr\/wp-content\/uploads\/2024\/11\/436544177_962456245543234_6274025342316302894_n.jpg\" alt=\"\" width=\"30%\" height=\"30%\" \/><\/a>\u00ab <a title=\"insectes imaginaires\" href=\"http:\/\/petite-boutique-curiosit\u00e9s.fr\/objets-decoration\/insectes-imaginaires\/\">Les insectes imaginaires<\/a> \u00bb<\/h4>\n<p>Chaque ann\u00e9e, vous pouvez d\u00e9couvrir une nouvelle collection d&rsquo;insectes dignes d&rsquo;un cabinet de curiosit\u00e9s.<\/p>\n<p>Ils sont faits \u00e0 partir d&rsquo;objets de r\u00e9cup\u00e9ration, d&rsquo;argile et de bois.<\/p>\n<p>Ils m\u00ealent l&rsquo;imaginaire, l&rsquo;humour et les jeux de mots.<\/p>\n<p>&#8211;&gt; <a href=\"https:\/\/petite-boutique-curiosit\u00e9s.fr\/objets-decoration\/insectes-imaginaires\/\">La suite en images<\/a><\/p>\n<p align=\"center\">&#8211; &#8211; &#8211;<\/p>\n<h4><a href=\"https:\/\/petite-boutique-curiosit\u00e9s.fr\/?page_id=847\"><img decoding=\"async\" class=\"alignright wp-image-2155\" title=\"Les p'tits pois sont...\" src=\"https:\/\/petite-boutique-curiosit\u00e9s.fr\/wp-content\/uploads\/2024\/11\/011_resized_paysage-300x225.jpg\" alt=\"\" width=\"40%\" height=\"40%\" srcset=\"https:\/\/petite-boutique-curiosit\u00e9s.fr\/wp-content\/uploads\/2024\/11\/011_resized_paysage-300x225.jpg 300w, https:\/\/petite-boutique-curiosit\u00e9s.fr\/wp-content\/uploads\/2024\/11\/011_resized_paysage-768x576.jpg 768w, https:\/\/petite-boutique-curiosit\u00e9s.fr\/wp-content\/uploads\/2024\/11\/011_resized_paysage.jpg 960w\" sizes=\"(max-width: 300px) 100vw, 300px\" \/><\/a>\u00ab <a title=\"Les POISSONS clous, CEPHALOPODES ferrailleux ET CRABES m\u00e9caniques\" href=\"https:\/\/petite-boutique-curiosit\u00e9s.fr\/objets-decoration\/les-poissons-clous-cephalopodes-ferrailleux-et-cetaces-mecaniques\/\">Les POISSONS clous, CEPHALOPODES ferrailleux et C\u00c9TAC\u00c9S m\u00e9caniques<\/a> \u00bb<\/h4>\n<p>Ces habitants des fonds sous marins ne craignent pas la rouille.<br \/>\nIls sont pourtant tout en bois, m\u00e9taux et objets de r\u00e9cup\u00e9ration.<\/p>\n<p>Ils pourront nager sur vos murs tout en captant de beaux reflets lumineux.<\/p>\n<p>De la petite carpe japonaise au gigantesque cachalot, en passant par les poissons des profondeurs.<br \/>\nDe toutes tailles, tous \u00e9voquent l&rsquo;incroyable univers de Jules Verne &#8230;<\/p>\n<p>&#8211;&gt; <a href=\"https:\/\/petite-boutique-curiosit\u00e9s.fr\/?page_id=847\">La suite en images<\/a><\/p>\n<p align=\"center\">&#8211; &#8211; &#8211;<\/p>\n<h4><a href=\"http:\/\/petite-boutique-curiosit\u00e9s.fr\/objets-decoration\/les-bateaux\/\"><img decoding=\"async\" class=\"alignleft wp-image-1177\" title=\"Bateaux sur l'eau, le lambris, heu, le lambris, heu ... Bateaux sur l'eau, le lambris, me colle au mur !\" src=\"http:\/\/petite-boutique-curiosit\u00e9s.fr\/wp-content\/uploads\/2018\/11\/IMG_6694.jpg\" alt=\"Bateau sur l'eau. La rivi\u00e8re, la rivi\u00e8re. Bateau sur l'eau. La rivi\u00e8re ... Ha ben non, y a pas d'eau !!! Pas Plouf du coup !\" width=\"40%\" height=\"40%\" \/><\/a>\u00ab <a href=\"http:\/\/petite-boutique-curiosit\u00e9s.fr\/objets-decoration\/les-bateaux\/\">Les Bateaux<\/a> \u00bb<\/h4>\n<p>Je ne garantis pas que ces bateaux tiennent la mer, mais ils naviguent sans peine sur\u00a0l\u2019imaginaire.<\/p>\n<p>Ils s\u2019accrochent sur vos murs, il ne vous reste plus qu\u2019\u00e0 embarquer.<\/p>\n<p>Ils sont en bois, m\u00e9tal et mat\u00e9riaux de r\u00e9cup\u00e9ration.<\/p>\n<p>&#8211;&gt; <a href=\"http:\/\/petite-boutique-curiosit\u00e9s.fr\/objets-decoration\/les-bateaux\/\">La suite en images<\/a><\/p>\n<p>&nbsp;<\/p>\n<p align=\"center\">&#8211; &#8211; &#8211;<\/p>\n<h4><a href=\"https:\/\/petite-boutique-curiosit\u00e9s.fr\/objets-decoration\/insectes-en-metal\/\"><img decoding=\"async\" class=\"alignright wp-image-1514 size-medium\" title=\"Chuuutttt...\" src=\"https:\/\/petite-boutique-curiosit\u00e9s.fr\/wp-content\/uploads\/2021\/12\/insecte9-300x225.jpg\" alt=\"\" width=\"30%\" height=\"30%\" srcset=\"https:\/\/petite-boutique-curiosit\u00e9s.fr\/wp-content\/uploads\/2021\/12\/insecte9-300x225.jpg 300w, https:\/\/petite-boutique-curiosit\u00e9s.fr\/wp-content\/uploads\/2021\/12\/insecte9-1024x768.jpg 1024w, https:\/\/petite-boutique-curiosit\u00e9s.fr\/wp-content\/uploads\/2021\/12\/insecte9-768x576.jpg 768w, https:\/\/petite-boutique-curiosit\u00e9s.fr\/wp-content\/uploads\/2021\/12\/insecte9-1536x1152.jpg 1536w, https:\/\/petite-boutique-curiosit\u00e9s.fr\/wp-content\/uploads\/2021\/12\/insecte9-2048x1536.jpg 2048w\" sizes=\"(max-width: 300px) 100vw, 300px\" \/><\/a>\u00ab <a href=\"https:\/\/petite-boutique-curiosit\u00e9s.fr\/objets-decoration\/insectes-en-metal\/\">Insectes en m\u00e9tal<\/a> \u00bb<\/h4>\n<p>D\u00e9coup\u00e9s patiemment dans des boites en m\u00e9tal de toutes les couleurs, parfois tr\u00e8s anciennes, des petits insectes prennent vie et peuvent \u00eatre pos\u00e9s ou accroch\u00e9s.<br \/>\nIl en existe une grande vari\u00e9t\u00e9 de formes et au final ils sont tous diff\u00e9rents.<br \/>\nVous pouvez jouer les associations sur les mur pour cr\u00e9er un envol d&rsquo;insectes.<br \/>\nNe vous inqui\u00e9tez pas, point de bruit la nuit, pas de vrombissements, z\u00e9zaiements, stridulations ou autres bourdonnements.<\/p>\n<p>&nbsp;<\/p>\n<p>&#8211;&gt; <a href=\"https:\/\/petite-boutique-curiosit\u00e9s.fr\/objets-decoration\/insectes-en-metal\/\">La suite en images<\/a><\/p>\n<p align=\"center\">&#8211; &#8211; &#8211;<\/p>\n<h4><a href=\"https:\/\/petite-boutique-curiosit\u00e9s.fr\/objets-decoration\/les-champignons-de-maison\/\"><img decoding=\"async\" class=\"alignleft wp-image-2299\" title=\"\u00c9tendue rurale - 3.14 - Coup :-D\" src=\"https:\/\/petite-boutique-curiosit\u00e9s.fr\/wp-content\/uploads\/2024\/11\/001_transp-300x300.png\" alt=\"\" width=\"30%\" height=\"30%\" srcset=\"https:\/\/petite-boutique-curiosit\u00e9s.fr\/wp-content\/uploads\/2024\/11\/001_transp-300x300.png 300w, https:\/\/petite-boutique-curiosit\u00e9s.fr\/wp-content\/uploads\/2024\/11\/001_transp-150x150.png 150w, https:\/\/petite-boutique-curiosit\u00e9s.fr\/wp-content\/uploads\/2024\/11\/001_transp.png 595w\" sizes=\"(max-width: 300px) 100vw, 300px\" \/><\/a>\u00ab\u00a0<a href=\"https:\/\/petite-boutique-curiosit\u00e9s.fr\/objets-decoration\/les-champignons-de-maison\/\">Les champignons de maison<\/a> \u00bb<\/h4>\n<p>Quand la nature vous manque,<br \/>\nfaites entrer un petit air de sous bois chez vous<br \/>\nen adoptant\u00a0 ces champignons sur branche<br \/>\n\u00e0 poser ou \u00e0 suspendre.<\/p>\n<p>Champignons en argile auto durcissante, peinture acrylique et fil de fer.<\/p>\n<p>&#8211;&gt; <a href=\"https:\/\/petite-boutique-curiosit\u00e9s.fr\/objets-decoration\/les-champignons-de-maison\/\">La suite en images<\/a><\/p>\n<p align=\"center\">&#8211; &#8211; &#8211;<\/p>\n<h4><a href=\"https:\/\/petite-boutique-curiosit\u00e9s.fr\/objets-decoration\/les-zoizautomates\/\"><img decoding=\"async\" class=\"alignright wp-image-2277 size-medium\" title=\"Il en manque un ! Il en manque un !!!\" src=\"https:\/\/petite-boutique-curiosit\u00e9s.fr\/wp-content\/uploads\/2024\/11\/IMG_0824-300x225.jpg\" alt=\"\" width=\"30%\" height=\"30%\" srcset=\"https:\/\/petite-boutique-curiosit\u00e9s.fr\/wp-content\/uploads\/2024\/11\/IMG_0824-300x225.jpg 300w, https:\/\/petite-boutique-curiosit\u00e9s.fr\/wp-content\/uploads\/2024\/11\/IMG_0824-1024x768.jpg 1024w, https:\/\/petite-boutique-curiosit\u00e9s.fr\/wp-content\/uploads\/2024\/11\/IMG_0824-768x576.jpg 768w, https:\/\/petite-boutique-curiosit\u00e9s.fr\/wp-content\/uploads\/2024\/11\/IMG_0824-1536x1152.jpg 1536w, https:\/\/petite-boutique-curiosit\u00e9s.fr\/wp-content\/uploads\/2024\/11\/IMG_0824-2048x1536.jpg 2048w\" sizes=\"(max-width: 300px) 100vw, 300px\" \/><\/a>\u00ab\u00a0<a href=\"https:\/\/petite-boutique-curiosit\u00e9s.fr\/objets-decoration\/les-zoizautomates\/\"><b>Les zoizautomates<\/b><\/a> \u00bb<\/h4>\n<p>Enti\u00e8rement r\u00e9alis\u00e9s \u00e0 partir de vieilles boites en m\u00e9tal,<br \/>\nces oiseaux, chouettes et hiboux<br \/>\nbougent les ailes quand on appuie sur la pince&#8230;<\/p>\n<p>&#8211;&gt; <a href=\"https:\/\/petite-boutique-curiosit\u00e9s.fr\/objets-decoration\/les-zoizautomates\/\">La suite en images<\/a><\/p>\n<p align=\"center\">&#8211; &#8211; &#8211;<\/p>\n","protected":false},"excerpt":{"rendered":"<p>Vous trouverez sur cette page les cr\u00e9ations les plus r\u00e9centes : \u00ab Les oiseaux \u00bb Ces oiseaux se jouent du bois et du m\u00e9tal de r\u00e9cup\u00e9ration dont ils sont v\u00eatus, ils sont l\u00e9gers comme l\u2019air et ne se lassent pas de voler sur les murs. Ils sont en bois , m\u00e9tal de vieilles boites et &hellip; <a href=\"https:\/\/petite-boutique-curiosit\u00e9s.fr\/index.php\/objets-decoration\/\" class=\"more-link\">Continuer la lecture de <span class=\"screen-reader-text\">Les objets de d\u00e9coration<\/span> <span class=\"meta-nav\">&rarr;<\/span><\/a><\/p>\n","protected":false},"author":1,"featured_media":0,"parent":0,"menu_order":2,"comment_status":"closed","ping_status":"closed","template":"","meta":{"footnotes":""},"class_list":["post-29","page","type-page","status-publish","hentry"],"_links":{"self":[{"href":"https:\/\/petite-boutique-curiosit\u00e9s.fr\/index.php\/wp-json\/wp\/v2\/pages\/29","targetHints":{"allow":["GET"]}}],"collection":[{"href":"https:\/\/petite-boutique-curiosit\u00e9s.fr\/index.php\/wp-json\/wp\/v2\/pages"}],"about":[{"href":"https:\/\/petite-boutique-curiosit\u00e9s.fr\/index.php\/wp-json\/wp\/v2\/types\/page"}],"author":[{"embeddable":true,"href":"https:\/\/petite-boutique-curiosit\u00e9s.fr\/index.php\/wp-json\/wp\/v2\/users\/1"}],"replies":[{"embeddable":true,"href":"https:\/\/petite-boutique-curiosit\u00e9s.fr\/index.php\/wp-json\/wp\/v2\/comments?post=29"}],"version-history":[{"count":203,"href":"https:\/\/petite-boutique-curiosit\u00e9s.fr\/index.php\/wp-json\/wp\/v2\/pages\/29\/revisions"}],"predecessor-version":[{"id":2316,"href":"https:\/\/petite-boutique-curiosit\u00e9s.fr\/index.php\/wp-json\/wp\/v2\/pages\/29\/revisions\/2316"}],"wp:attachment":[{"href":"https:\/\/petite-boutique-curiosit\u00e9s.fr\/index.php\/wp-json\/wp\/v2\/media?parent=29"}],"curies":[{"name":"wp","href":"https:\/\/api.w.org\/{rel}","templated":true}]}}