{"id":44,"date":"2013-11-10T20:45:26","date_gmt":"2013-11-10T19:45:26","guid":{"rendered":"http:\/\/petite-boutique-curiosit\u00e9s.fr\/?page_id=44"},"modified":"2017-11-28T23:27:07","modified_gmt":"2017-11-28T22:27:07","slug":"cartes-postales","status":"publish","type":"page","link":"https:\/\/petite-boutique-curiosit\u00e9s.fr\/index.php\/cartes-postales\/","title":{"rendered":"Cartes Postales"},"content":{"rendered":"<div class=\"polaroid-alban\">\n<h4>Insectes en Volume<\/h4>\n<figure><img loading=\"lazy\" decoding=\"async\" class=\"size-full wp-image-539\" src=\"http:\/\/petite-boutique-curiosit\u00e9s.fr\/wp-content\/uploads\/2017\/11\/IMG_5493-20pr100.jpg\" alt=\"Les kits d'insecte en volume\" width=\"277\" height=\"365\" \/><figcaption>&#8211; Kits Insecte en Volume &#8211;<\/figcaption><\/figure>\n<p>Voici une collection de 6 cartes qui apr\u00e8s quelques menus d\u00e9coupages, collages et manipulations se transforment en de d\u00e9licats insectes en volume.<\/p>\n<p>Il vous suffit de disposer d&rsquo;une paire de ciseaux, de colle et d&rsquo;un crayon &#8230;<\/p>\n<p>Vous pourrez alors exposer le lucane casse noisette, la mante tr\u00e8s religieuse, le criquet coquet, le col\u00e9opt\u00e8re m\u00e9canique, la libellule baroque ou le papillon patapon.<\/p>\n<p><a href=\"http:\/\/petite-boutique-curiosit\u00e9s.fr\/?page_id=915\">La suite &#8230; en images &#8230;<\/a><\/p>\n<\/div>\n<div class=\"polaroid-alban\">\n<h4>Les pubs<\/h4>\n<figure><img loading=\"lazy\" decoding=\"async\" class=\"size-full wp-image-539\" src=\"http:\/\/petite-boutique-curiosit\u00e9s.fr\/wp-content\/uploads\/2013\/12\/metiers.jpg\" alt=\"Les Cartes postales de la collection des pubs\" width=\"277\" height=\"365\" srcset=\"https:\/\/petite-boutique-curiosit\u00e9s.fr\/wp-content\/uploads\/2013\/12\/metiers.jpg 277w, https:\/\/petite-boutique-curiosit\u00e9s.fr\/wp-content\/uploads\/2013\/12\/metiers-227x300.jpg 227w\" sizes=\"auto, (max-width: 277px) 100vw, 277px\" \/><figcaption>&#8211; Cartes Publicitaires &#8211;<\/figcaption><\/figure>\n<p>Voici des cartes postales qui ne sont autres que de petites publicit\u00e9s tourneboul\u00e9es.<\/p>\n<p>Des sortes de conserves et plats surgel\u00e9s po\u00e9tico-humoro-insolites<\/p>\n<p>On y trouve du Mammouth \u00e0 la foug\u00e8re, de la soupe de nains de jardin et toutes sortes de recettes plus exquises les unes que les autres.<\/p>\n<p>Bref, de purs d\u00e9lices en perspective.<\/p>\n<\/div>\n<div class=\"polaroid-alban\">\n<h4>Les m\u00e9tiers imaginaires<\/h4>\n<figure><img loading=\"lazy\" decoding=\"async\" class=\"size-full wp-image-527\" src=\"http:\/\/petite-boutique-curiosit\u00e9s.fr\/wp-content\/uploads\/2013\/12\/pub.jpg\" alt=\"Collection de cartes postales\" width=\"277\" height=\"366\" srcset=\"https:\/\/petite-boutique-curiosit\u00e9s.fr\/wp-content\/uploads\/2013\/12\/pub.jpg 277w, https:\/\/petite-boutique-curiosit\u00e9s.fr\/wp-content\/uploads\/2013\/12\/pub-227x300.jpg 227w\" sizes=\"auto, (max-width: 277px) 100vw, 277px\" \/><figcaption>&#8211; M\u00e9tiers Imaginaires &#8211;<\/figcaption><\/figure>\n<p>Cette collection est une ligne de cartes postales sur des m\u00e9tiers.<\/p>\n<p>Mais &#8230; Quels m\u00e9tiers ??? Et bien, des M\u00e9tiers Imaginaires \u00e9videmment !!!<\/p>\n<p>Autrement dit des m\u00e9tiers insolites tout droit sortis du monde de l&rsquo;absurde<\/p>\n<p>Retrouvez par exemple, le \u00ab\u00a0gratouilleur de chats\u00a0\u00bb, la \u00ab\u00a0remplisseuse de cosses de petits pois\u00a0\u00bb, <em>Et Caetera<\/em>.<\/p>\n<\/div>\n<div class=\"polaroid-alban\">\n<h4>Petites Expressions Illustr\u00e9es<\/h4>\n<figure><img loading=\"lazy\" decoding=\"async\" class=\"size-full wp-image-598\" src=\"http:\/\/petite-boutique-curiosit\u00e9s.fr\/wp-content\/uploads\/2013\/12\/expressions.jpg\" alt=\"Collection des petites expressions\" width=\"322\" height=\"322\" srcset=\"https:\/\/petite-boutique-curiosit\u00e9s.fr\/wp-content\/uploads\/2013\/12\/expressions.jpg 322w, https:\/\/petite-boutique-curiosit\u00e9s.fr\/wp-content\/uploads\/2013\/12\/expressions-150x150.jpg 150w, https:\/\/petite-boutique-curiosit\u00e9s.fr\/wp-content\/uploads\/2013\/12\/expressions-300x300.jpg 300w\" sizes=\"auto, (max-width: 322px) 100vw, 322px\" \/><figcaption>&#8211; Expressions Illustr\u00e9es &#8211;<\/figcaption><\/figure>\n<p>Tout est dans le titre, n&rsquo;est-il pas ? &#8230;<\/p>\n<\/div>\n","protected":false},"excerpt":{"rendered":"<p>Insectes en Volume &#8211; Kits Insecte en Volume &#8211; Voici une collection de 6 cartes qui apr\u00e8s quelques menus d\u00e9coupages, collages et manipulations se transforment en de d\u00e9licats insectes en volume. Il vous suffit de disposer d&rsquo;une paire de ciseaux, de colle et d&rsquo;un crayon &#8230; Vous pourrez alors exposer le lucane casse noisette, la &hellip; <a href=\"https:\/\/petite-boutique-curiosit\u00e9s.fr\/index.php\/cartes-postales\/\" class=\"more-link\">Continuer la lecture de <span class=\"screen-reader-text\">Cartes Postales<\/span> <span class=\"meta-nav\">&rarr;<\/span><\/a><\/p>\n","protected":false},"author":1,"featured_media":0,"parent":0,"menu_order":3,"comment_status":"closed","ping_status":"closed","template":"","meta":{"footnotes":""},"class_list":["post-44","page","type-page","status-publish","hentry"],"_links":{"self":[{"href":"https:\/\/petite-boutique-curiosit\u00e9s.fr\/index.php\/wp-json\/wp\/v2\/pages\/44","targetHints":{"allow":["GET"]}}],"collection":[{"href":"https:\/\/petite-boutique-curiosit\u00e9s.fr\/index.php\/wp-json\/wp\/v2\/pages"}],"about":[{"href":"https:\/\/petite-boutique-curiosit\u00e9s.fr\/index.php\/wp-json\/wp\/v2\/types\/page"}],"author":[{"embeddable":true,"href":"https:\/\/petite-boutique-curiosit\u00e9s.fr\/index.php\/wp-json\/wp\/v2\/users\/1"}],"replies":[{"embeddable":true,"href":"https:\/\/petite-boutique-curiosit\u00e9s.fr\/index.php\/wp-json\/wp\/v2\/comments?post=44"}],"version-history":[{"count":84,"href":"https:\/\/petite-boutique-curiosit\u00e9s.fr\/index.php\/wp-json\/wp\/v2\/pages\/44\/revisions"}],"predecessor-version":[{"id":941,"href":"https:\/\/petite-boutique-curiosit\u00e9s.fr\/index.php\/wp-json\/wp\/v2\/pages\/44\/revisions\/941"}],"wp:attachment":[{"href":"https:\/\/petite-boutique-curiosit\u00e9s.fr\/index.php\/wp-json\/wp\/v2\/media?parent=44"}],"curies":[{"name":"wp","href":"https:\/\/api.w.org\/{rel}","templated":true}]}}