{"id":5,"date":"2013-11-03T00:16:21","date_gmt":"2013-11-02T23:16:21","guid":{"rendered":"http:\/\/petite-boutique-curiosit\u00e9s.fr\/?page_id=5"},"modified":"2023-11-25T22:51:06","modified_gmt":"2023-11-25T21:51:06","slug":"presentation","status":"publish","type":"page","link":"https:\/\/petite-boutique-curiosit\u00e9s.fr\/index.php\/presentation\/","title":{"rendered":"Pr\u00e9sentation"},"content":{"rendered":"<h3>Portrait bross\u00e9<\/h3>\n<div id=\"polaroid-tupence\">\n<figure><img loading=\"lazy\" decoding=\"async\" src=\"http:\/\/petite-boutique-curiosit\u00e9s.fr\/wp-content\/uploads\/2013\/11\/prespeinture.jpg\" alt=\"Photo pr\u00e9sentant Anna\u00efg en train de peindre\" width=\"147\" height=\"196\" \/><figcaption>&#8211; Anna\u00efg &#8211;<\/figcaption><\/figure>\n<p>Je suis une scientifique naturaliste reconvertie en peintre plasticienne, cela donne un curieux m\u00e9lange qui ne manque pas de s\u2019inscrire dans mon travail.<\/p>\n<p>Je peins, mod\u00e8le, d\u00e9tourne, colle, d\u00e9coupe, triture, soude, tords &#8230; Je m\u2019amuse avec la mati\u00e8re et redonne vie \u00e0 des mat\u00e9riaux de r\u00e9cup\u00e9ration. Je cr\u00e9e des objets fantasques et oniriques du quotidien&#8230;d\u2019un quotidien imaginaire &#8230;<\/p>\n<p>Mon atelier est un lieu \u00e0 mi chemin entre un laboratoire de science(s) et un cabinet de curiosit\u00e9(s) o\u00f9 s\u2019entassent d\u2019\u00e9tranges collections d\u2019insectes m\u00e9caniques, des bocaux de champignons aux formes d\u00e9routantes, des lucioles de poche, des couverts humains, des lanternelles, d\u2019\u00e9tonnants oiseaux en cage &#8230;<\/p>\n<\/div>\n<p>C&rsquo;est une v\u00e9ritable caverne d\u2019Ali Baba, chaque tiroir rec\u00e8le des tr\u00e9sors de r\u00e9cup\u00e9ration glan\u00e9s au hasard des balades, mosa\u00efques, cuir, ferraille, tissus, miroirs, verres d\u00e9polis&#8230;un peu de tout, un peu de rien. Ces petits trucs qui n&rsquo;ont l&rsquo;air de pas grand-chose, avec un brin d&rsquo;imagination et de savoir-faire, s&rsquo;animent pour devenir des objets de d\u00e9coration .<\/p>\n<div class=\"polaroid-alban\">\n<figure><img loading=\"lazy\" decoding=\"async\" src=\"http:\/\/petite-boutique-curiosit\u00e9s.fr\/wp-content\/uploads\/2023\/11\/Atelier_1-300x225.jpg\" alt=\"La Petite Boutique des Curiosit\u00e9s\" width=\"300\" height=\"225\" \/><figcaption>La Petite Boutique<br \/>\ndes Curiosit\u00e9s<\/figcaption><\/figure>\n<p>J\u2019imagine chaque ann\u00e9e de nouvelles s\u00e9ries d\u2019objets.<\/p>\n<p>J&rsquo;applique alors ma petite recette sp\u00e9ciale :<br \/>\n<i>Mettre dans une fiole des choses insolites,<br \/>\nde la couleur, un doigt d\u2019humour,<br \/>\nune pinc\u00e9e de jeux de mots,<br \/>\nune cuill\u00e8re \u00e0 soupe d\u2019imagination ;<br \/>\nlaisser le temps au temps ;<br \/>\n<\/i><i>bien\u00a0 <\/i><i>secouer, c\u2019est pr\u00eat !<\/i>\n<\/div>\n<p>Images de l&rsquo;atelier (cliquez pour zoomer) :<br \/>\n<div id='gallery-1' class='gallery galleryid-5 gallery-columns-2 gallery-size-medium'><figure class='gallery-item'>\n\t\t\t<div class='gallery-icon landscape'>\n\t\t\t\t<a href='https:\/\/petite-boutique-curiosit\u00e9s.fr\/wp-content\/uploads\/2023\/11\/Atelier_2-scaled.jpg'><img loading=\"lazy\" decoding=\"async\" width=\"300\" height=\"225\" src=\"https:\/\/petite-boutique-curiosit\u00e9s.fr\/wp-content\/uploads\/2023\/11\/Atelier_2-300x225.jpg\" class=\"attachment-medium size-medium\" alt=\"\" srcset=\"https:\/\/petite-boutique-curiosit\u00e9s.fr\/wp-content\/uploads\/2023\/11\/Atelier_2-300x225.jpg 300w, https:\/\/petite-boutique-curiosit\u00e9s.fr\/wp-content\/uploads\/2023\/11\/Atelier_2-1024x768.jpg 1024w, https:\/\/petite-boutique-curiosit\u00e9s.fr\/wp-content\/uploads\/2023\/11\/Atelier_2-768x576.jpg 768w, https:\/\/petite-boutique-curiosit\u00e9s.fr\/wp-content\/uploads\/2023\/11\/Atelier_2-1536x1152.jpg 1536w, https:\/\/petite-boutique-curiosit\u00e9s.fr\/wp-content\/uploads\/2023\/11\/Atelier_2-2048x1536.jpg 2048w\" sizes=\"auto, (max-width: 300px) 100vw, 300px\" \/><\/a>\n\t\t\t<\/div><\/figure><figure class='gallery-item'>\n\t\t\t<div class='gallery-icon landscape'>\n\t\t\t\t<a href='https:\/\/petite-boutique-curiosit\u00e9s.fr\/wp-content\/uploads\/2023\/11\/Atelier_3-scaled.jpg'><img loading=\"lazy\" decoding=\"async\" width=\"300\" height=\"225\" src=\"https:\/\/petite-boutique-curiosit\u00e9s.fr\/wp-content\/uploads\/2023\/11\/Atelier_3-300x225.jpg\" class=\"attachment-medium size-medium\" alt=\"\" srcset=\"https:\/\/petite-boutique-curiosit\u00e9s.fr\/wp-content\/uploads\/2023\/11\/Atelier_3-300x225.jpg 300w, https:\/\/petite-boutique-curiosit\u00e9s.fr\/wp-content\/uploads\/2023\/11\/Atelier_3-1024x768.jpg 1024w, https:\/\/petite-boutique-curiosit\u00e9s.fr\/wp-content\/uploads\/2023\/11\/Atelier_3-768x576.jpg 768w, https:\/\/petite-boutique-curiosit\u00e9s.fr\/wp-content\/uploads\/2023\/11\/Atelier_3-1536x1152.jpg 1536w, https:\/\/petite-boutique-curiosit\u00e9s.fr\/wp-content\/uploads\/2023\/11\/Atelier_3-2048x1536.jpg 2048w\" sizes=\"auto, (max-width: 300px) 100vw, 300px\" \/><\/a>\n\t\t\t<\/div><\/figure><figure class='gallery-item'>\n\t\t\t<div class='gallery-icon landscape'>\n\t\t\t\t<a href='https:\/\/petite-boutique-curiosit\u00e9s.fr\/wp-content\/uploads\/2023\/11\/Atelier_1-scaled.jpg'><img loading=\"lazy\" decoding=\"async\" width=\"300\" height=\"225\" src=\"https:\/\/petite-boutique-curiosit\u00e9s.fr\/wp-content\/uploads\/2023\/11\/Atelier_1-300x225.jpg\" class=\"attachment-medium size-medium\" alt=\"\" srcset=\"https:\/\/petite-boutique-curiosit\u00e9s.fr\/wp-content\/uploads\/2023\/11\/Atelier_1-300x225.jpg 300w, https:\/\/petite-boutique-curiosit\u00e9s.fr\/wp-content\/uploads\/2023\/11\/Atelier_1-1024x768.jpg 1024w, https:\/\/petite-boutique-curiosit\u00e9s.fr\/wp-content\/uploads\/2023\/11\/Atelier_1-768x576.jpg 768w, https:\/\/petite-boutique-curiosit\u00e9s.fr\/wp-content\/uploads\/2023\/11\/Atelier_1-1536x1152.jpg 1536w, https:\/\/petite-boutique-curiosit\u00e9s.fr\/wp-content\/uploads\/2023\/11\/Atelier_1-2048x1536.jpg 2048w\" sizes=\"auto, (max-width: 300px) 100vw, 300px\" \/><\/a>\n\t\t\t<\/div><\/figure><figure class='gallery-item'>\n\t\t\t<div class='gallery-icon landscape'>\n\t\t\t\t<a href='https:\/\/petite-boutique-curiosit\u00e9s.fr\/wp-content\/uploads\/2023\/11\/Atelier_4-scaled.jpg'><img loading=\"lazy\" decoding=\"async\" width=\"300\" height=\"225\" src=\"https:\/\/petite-boutique-curiosit\u00e9s.fr\/wp-content\/uploads\/2023\/11\/Atelier_4-300x225.jpg\" class=\"attachment-medium size-medium\" alt=\"\" srcset=\"https:\/\/petite-boutique-curiosit\u00e9s.fr\/wp-content\/uploads\/2023\/11\/Atelier_4-300x225.jpg 300w, https:\/\/petite-boutique-curiosit\u00e9s.fr\/wp-content\/uploads\/2023\/11\/Atelier_4-1024x768.jpg 1024w, https:\/\/petite-boutique-curiosit\u00e9s.fr\/wp-content\/uploads\/2023\/11\/Atelier_4-768x576.jpg 768w, https:\/\/petite-boutique-curiosit\u00e9s.fr\/wp-content\/uploads\/2023\/11\/Atelier_4-1536x1152.jpg 1536w, https:\/\/petite-boutique-curiosit\u00e9s.fr\/wp-content\/uploads\/2023\/11\/Atelier_4-2048x1536.jpg 2048w\" sizes=\"auto, (max-width: 300px) 100vw, 300px\" \/><\/a>\n\t\t\t<\/div><\/figure>\n\t\t<\/div>\n<\/p>\n<h3>Mais au fait c&rsquo;est quoi un cabinet de curiosit\u00e9s\u00a0?<\/h3>\n<p>Mon travail ax\u00e9 sur l&rsquo;\u00e9tranget\u00e9 du monde naturaliste s&rsquo;inspire des cabinets de curiosit\u00e9s.<\/p>\n<p><em><strong>Les cabinets de curiosit\u00e9s<\/strong> d\u00e9signent au XVI<sup>e<\/sup> et XVII<sup>e<\/sup> si\u00e8cles des lieux dans lesquels on collectionne et pr\u00e9sente une multitude d&rsquo;objets rares ou \u00e9tranges repr\u00e9sentant un r\u00e9sum\u00e9 du monde avec les trois r\u00e8gnes : les mondes animal, v\u00e9g\u00e9tal et min\u00e9ral, en plus de r\u00e9alisations humaines.<\/em><br \/>\n<em> Avec le d\u00e9veloppement des explorations et la d\u00e9couverte de nouvelles terres au XVI<sup>e<\/sup> si\u00e8cle, plusieurs princes, savants et amateurs de cette \u00e9poque se mettent \u00e0 collectionner les curiosit\u00e9s en provenance des nouveaux mondes.<\/em><\/p>\n<p><a href=\"http:\/\/petite-boutique-curiosit\u00e9s.fr\/wp-content\/uploads\/2017\/11\/Musei_Wormiani_Historia.jpg\"><img loading=\"lazy\" decoding=\"async\" class=\"aligncenter wp-image-1068\" src=\"http:\/\/petite-boutique-curiosit\u00e9s.fr\/wp-content\/uploads\/2017\/11\/Musei_Wormiani_Historia-300x239.jpg\" alt=\"\" width=\"400\" height=\"318\" srcset=\"https:\/\/petite-boutique-curiosit\u00e9s.fr\/wp-content\/uploads\/2017\/11\/Musei_Wormiani_Historia-300x239.jpg 300w, https:\/\/petite-boutique-curiosit\u00e9s.fr\/wp-content\/uploads\/2017\/11\/Musei_Wormiani_Historia-768x611.jpg 768w, https:\/\/petite-boutique-curiosit\u00e9s.fr\/wp-content\/uploads\/2017\/11\/Musei_Wormiani_Historia.jpg 900w\" sizes=\"auto, (max-width: 400px) 100vw, 400px\" \/><\/a><\/p>\n","protected":false},"excerpt":{"rendered":"<p>Portrait bross\u00e9 &#8211; Anna\u00efg &#8211; Je suis une scientifique naturaliste reconvertie en peintre plasticienne, cela donne un curieux m\u00e9lange qui ne manque pas de s\u2019inscrire dans mon travail. Je peins, mod\u00e8le, d\u00e9tourne, colle, d\u00e9coupe, triture, soude, tords &#8230; Je m\u2019amuse avec la mati\u00e8re et redonne vie \u00e0 des mat\u00e9riaux de r\u00e9cup\u00e9ration. Je cr\u00e9e des objets &hellip; <a href=\"https:\/\/petite-boutique-curiosit\u00e9s.fr\/index.php\/presentation\/\" class=\"more-link\">Continuer la lecture de <span class=\"screen-reader-text\">Pr\u00e9sentation<\/span> <span class=\"meta-nav\">&rarr;<\/span><\/a><\/p>\n","protected":false},"author":1,"featured_media":0,"parent":0,"menu_order":1,"comment_status":"closed","ping_status":"closed","template":"","meta":{"footnotes":""},"class_list":["post-5","page","type-page","status-publish","hentry"],"_links":{"self":[{"href":"https:\/\/petite-boutique-curiosit\u00e9s.fr\/index.php\/wp-json\/wp\/v2\/pages\/5","targetHints":{"allow":["GET"]}}],"collection":[{"href":"https:\/\/petite-boutique-curiosit\u00e9s.fr\/index.php\/wp-json\/wp\/v2\/pages"}],"about":[{"href":"https:\/\/petite-boutique-curiosit\u00e9s.fr\/index.php\/wp-json\/wp\/v2\/types\/page"}],"author":[{"embeddable":true,"href":"https:\/\/petite-boutique-curiosit\u00e9s.fr\/index.php\/wp-json\/wp\/v2\/users\/1"}],"replies":[{"embeddable":true,"href":"https:\/\/petite-boutique-curiosit\u00e9s.fr\/index.php\/wp-json\/wp\/v2\/comments?post=5"}],"version-history":[{"count":109,"href":"https:\/\/petite-boutique-curiosit\u00e9s.fr\/index.php\/wp-json\/wp\/v2\/pages\/5\/revisions"}],"predecessor-version":[{"id":1817,"href":"https:\/\/petite-boutique-curiosit\u00e9s.fr\/index.php\/wp-json\/wp\/v2\/pages\/5\/revisions\/1817"}],"wp:attachment":[{"href":"https:\/\/petite-boutique-curiosit\u00e9s.fr\/index.php\/wp-json\/wp\/v2\/media?parent=5"}],"curies":[{"name":"wp","href":"https:\/\/api.w.org\/{rel}","templated":true}]}}