{"id":915,"date":"2017-11-28T23:07:03","date_gmt":"2017-11-28T22:07:03","guid":{"rendered":"http:\/\/petite-boutique-curiosit\u00e9s.fr\/?page_id=915"},"modified":"2017-11-29T14:41:24","modified_gmt":"2017-11-29T13:41:24","slug":"insectes-en-volume","status":"publish","type":"page","link":"https:\/\/petite-boutique-curiosit\u00e9s.fr\/index.php\/cartes-postales\/insectes-en-volume\/","title":{"rendered":"insectes en volume"},"content":{"rendered":"<p>&#8211;&gt; Retour vers la cat\u00e9gorie \u00ab\u00a0<a href=\"http:\/\/petite-boutique-curiosit\u00e9s.fr\/cartes-postales\/\">Cartes Postales<\/a>\u00a0\u00bb<\/p>\n<p>Voici une collection de 6 cartes qui apr\u00e8s quelques menus d\u00e9coupages, collages\u00a0et\u00a0manipulations se transforment en de d\u00e9licats insectes en volume.<\/p>\n<p>Il vous suffit de disposer d\u2019une paire de ciseaux, de colle et d\u2019un crayon \u2026<\/p>\n<p>Vous pourrez alors exposer le lucane casse noisette, la mante tr\u00e8s religieuse, le criquet coquet, le col\u00e9opt\u00e8re m\u00e9canique, la libellule baroque ou le papillon patapon.<\/p>\n<p>Heu &#8230; Je vous propose un truc nettement plus simple qu&rsquo;un long discours ; une pr\u00e9sentation par l&rsquo;image !<br \/>\nCliquez sur une image pour l&rsquo;agrandir.<\/p>\n<p><em>Vous pouvez ensuite naviguer avec les fl\u00e8ches du clavier ou la molette de la souris (ordinateur) ou en cliquant sur le bord de l&rsquo;image pour passer \u00e0 la suivante (SmartPhone et tablette)<\/em><\/p>\n<div id='gallery-1' class='gallery galleryid-915 gallery-columns-3 gallery-size-thumbnail'><figure class='gallery-item'>\n\t\t\t<div class='gallery-icon portrait'>\n\t\t\t\t<a href='https:\/\/petite-boutique-curiosit\u00e9s.fr\/wp-content\/uploads\/2017\/11\/IMG_5493-20pr100.jpg'><img loading=\"lazy\" decoding=\"async\" width=\"150\" height=\"150\" src=\"https:\/\/petite-boutique-curiosit\u00e9s.fr\/wp-content\/uploads\/2017\/11\/IMG_5493-20pr100-150x150.jpg\" class=\"attachment-thumbnail size-thumbnail\" alt=\"Pr\u00e9sentation des kit d&#039;insecte en volume\" aria-describedby=\"gallery-1-842\" \/><\/a>\n\t\t\t<\/div>\n\t\t\t\t<figcaption class='wp-caption-text gallery-caption' id='gallery-1-842'>\n\t\t\t\tKit insecte en volume\n\t\t\t\t<\/figcaption><\/figure><figure class='gallery-item'>\n\t\t\t<div class='gallery-icon portrait'>\n\t\t\t\t<a href='https:\/\/petite-boutique-curiosit\u00e9s.fr\/wp-content\/uploads\/2017\/11\/IMG_5495.jpg'><img loading=\"lazy\" decoding=\"async\" width=\"150\" height=\"150\" src=\"https:\/\/petite-boutique-curiosit\u00e9s.fr\/wp-content\/uploads\/2017\/11\/IMG_5495-150x150.jpg\" class=\"attachment-thumbnail size-thumbnail\" alt=\"\" \/><\/a>\n\t\t\t<\/div><\/figure><figure class='gallery-item'>\n\t\t\t<div class='gallery-icon portrait'>\n\t\t\t\t<a href='https:\/\/petite-boutique-curiosit\u00e9s.fr\/wp-content\/uploads\/2017\/11\/IMG_5496.jpg'><img loading=\"lazy\" decoding=\"async\" width=\"150\" height=\"150\" src=\"https:\/\/petite-boutique-curiosit\u00e9s.fr\/wp-content\/uploads\/2017\/11\/IMG_5496-150x150.jpg\" class=\"attachment-thumbnail size-thumbnail\" alt=\"\" \/><\/a>\n\t\t\t<\/div><\/figure><figure class='gallery-item'>\n\t\t\t<div class='gallery-icon portrait'>\n\t\t\t\t<a href='https:\/\/petite-boutique-curiosit\u00e9s.fr\/wp-content\/uploads\/2017\/11\/IMG_5497.jpg'><img loading=\"lazy\" decoding=\"async\" width=\"150\" height=\"150\" src=\"https:\/\/petite-boutique-curiosit\u00e9s.fr\/wp-content\/uploads\/2017\/11\/IMG_5497-150x150.jpg\" class=\"attachment-thumbnail size-thumbnail\" alt=\"\" \/><\/a>\n\t\t\t<\/div><\/figure><figure class='gallery-item'>\n\t\t\t<div class='gallery-icon portrait'>\n\t\t\t\t<a href='https:\/\/petite-boutique-curiosit\u00e9s.fr\/wp-content\/uploads\/2017\/11\/IMG_5498.jpg'><img loading=\"lazy\" decoding=\"async\" width=\"150\" height=\"150\" src=\"https:\/\/petite-boutique-curiosit\u00e9s.fr\/wp-content\/uploads\/2017\/11\/IMG_5498-150x150.jpg\" class=\"attachment-thumbnail size-thumbnail\" alt=\"\" \/><\/a>\n\t\t\t<\/div><\/figure><figure class='gallery-item'>\n\t\t\t<div class='gallery-icon portrait'>\n\t\t\t\t<a href='https:\/\/petite-boutique-curiosit\u00e9s.fr\/wp-content\/uploads\/2017\/11\/IMG_5499.jpg'><img loading=\"lazy\" decoding=\"async\" width=\"150\" height=\"150\" src=\"https:\/\/petite-boutique-curiosit\u00e9s.fr\/wp-content\/uploads\/2017\/11\/IMG_5499-150x150.jpg\" class=\"attachment-thumbnail size-thumbnail\" alt=\"\" \/><\/a>\n\t\t\t<\/div><\/figure><figure class='gallery-item'>\n\t\t\t<div class='gallery-icon portrait'>\n\t\t\t\t<a href='https:\/\/petite-boutique-curiosit\u00e9s.fr\/wp-content\/uploads\/2017\/11\/IMG_5500.jpg'><img loading=\"lazy\" decoding=\"async\" width=\"150\" height=\"150\" src=\"https:\/\/petite-boutique-curiosit\u00e9s.fr\/wp-content\/uploads\/2017\/11\/IMG_5500-150x150.jpg\" class=\"attachment-thumbnail size-thumbnail\" alt=\"\" \/><\/a>\n\t\t\t<\/div><\/figure><figure class='gallery-item'>\n\t\t\t<div class='gallery-icon portrait'>\n\t\t\t\t<a href='https:\/\/petite-boutique-curiosit\u00e9s.fr\/wp-content\/uploads\/2017\/11\/IMG_5501.jpg'><img loading=\"lazy\" decoding=\"async\" width=\"150\" height=\"150\" src=\"https:\/\/petite-boutique-curiosit\u00e9s.fr\/wp-content\/uploads\/2017\/11\/IMG_5501-150x150.jpg\" class=\"attachment-thumbnail size-thumbnail\" alt=\"\" \/><\/a>\n\t\t\t<\/div><\/figure><figure class='gallery-item'>\n\t\t\t<div class='gallery-icon portrait'>\n\t\t\t\t<a href='https:\/\/petite-boutique-curiosit\u00e9s.fr\/wp-content\/uploads\/2017\/11\/IMG_5502.jpg'><img loading=\"lazy\" decoding=\"async\" width=\"150\" height=\"150\" src=\"https:\/\/petite-boutique-curiosit\u00e9s.fr\/wp-content\/uploads\/2017\/11\/IMG_5502-150x150.jpg\" class=\"attachment-thumbnail size-thumbnail\" alt=\"\" \/><\/a>\n\t\t\t<\/div><\/figure><figure class='gallery-item'>\n\t\t\t<div class='gallery-icon portrait'>\n\t\t\t\t<a href='https:\/\/petite-boutique-curiosit\u00e9s.fr\/wp-content\/uploads\/2017\/11\/IMG_5504.jpg'><img loading=\"lazy\" decoding=\"async\" width=\"150\" height=\"150\" src=\"https:\/\/petite-boutique-curiosit\u00e9s.fr\/wp-content\/uploads\/2017\/11\/IMG_5504-150x150.jpg\" class=\"attachment-thumbnail size-thumbnail\" alt=\"\" \/><\/a>\n\t\t\t<\/div><\/figure>\n\t\t<\/div>\n\n","protected":false},"excerpt":{"rendered":"<p>&#8211;&gt; Retour vers la cat\u00e9gorie \u00ab\u00a0Cartes Postales\u00a0\u00bb Voici une collection de 6 cartes qui apr\u00e8s quelques menus d\u00e9coupages, collages\u00a0et\u00a0manipulations se transforment en de d\u00e9licats insectes en volume. Il vous suffit de disposer d\u2019une paire de ciseaux, de colle et d\u2019un crayon \u2026 Vous pourrez alors exposer le lucane casse noisette, la mante tr\u00e8s religieuse, le &hellip; <a href=\"https:\/\/petite-boutique-curiosit\u00e9s.fr\/index.php\/cartes-postales\/insectes-en-volume\/\" class=\"more-link\">Continuer la lecture de <span class=\"screen-reader-text\">insectes en volume<\/span> <span class=\"meta-nav\">&rarr;<\/span><\/a><\/p>\n","protected":false},"author":1,"featured_media":0,"parent":44,"menu_order":0,"comment_status":"closed","ping_status":"closed","template":"","meta":{"footnotes":""},"class_list":["post-915","page","type-page","status-publish","hentry"],"_links":{"self":[{"href":"https:\/\/petite-boutique-curiosit\u00e9s.fr\/index.php\/wp-json\/wp\/v2\/pages\/915","targetHints":{"allow":["GET"]}}],"collection":[{"href":"https:\/\/petite-boutique-curiosit\u00e9s.fr\/index.php\/wp-json\/wp\/v2\/pages"}],"about":[{"href":"https:\/\/petite-boutique-curiosit\u00e9s.fr\/index.php\/wp-json\/wp\/v2\/types\/page"}],"author":[{"embeddable":true,"href":"https:\/\/petite-boutique-curiosit\u00e9s.fr\/index.php\/wp-json\/wp\/v2\/users\/1"}],"replies":[{"embeddable":true,"href":"https:\/\/petite-boutique-curiosit\u00e9s.fr\/index.php\/wp-json\/wp\/v2\/comments?post=915"}],"version-history":[{"count":5,"href":"https:\/\/petite-boutique-curiosit\u00e9s.fr\/index.php\/wp-json\/wp\/v2\/pages\/915\/revisions"}],"predecessor-version":[{"id":975,"href":"https:\/\/petite-boutique-curiosit\u00e9s.fr\/index.php\/wp-json\/wp\/v2\/pages\/915\/revisions\/975"}],"up":[{"embeddable":true,"href":"https:\/\/petite-boutique-curiosit\u00e9s.fr\/index.php\/wp-json\/wp\/v2\/pages\/44"}],"wp:attachment":[{"href":"https:\/\/petite-boutique-curiosit\u00e9s.fr\/index.php\/wp-json\/wp\/v2\/media?parent=915"}],"curies":[{"name":"wp","href":"https:\/\/api.w.org\/{rel}","templated":true}]}}